


{"id":13982,"date":"2022-09-21T17:18:27","date_gmt":"2022-09-21T15:18:27","guid":{"rendered":"http:\/\/slmconsulting.switchapp.it\/logistica\/"},"modified":"2022-09-27T17:20:48","modified_gmt":"2022-09-27T15:20:48","slug":"logistik","status":"publish","type":"page","link":"https:\/\/slmbconsult.com\/de\/logistik\/","title":{"rendered":"Logistik"},"content":{"rendered":"<p>[vc_row pix_particles_check=&#8220;&#8220;][vc_column]<div class=\"four-column\"><div class=\"styled-column colored\"><div class=\"image_cont\"><img loading=\"lazy\" decoding=\"async\" width=\"150\" height=\"150\" src=\"https:\/\/slmbconsult.com\/wp-content\/uploads\/2022\/09\/ico_step_1-150x150.png\" class=\"attachment-thumbnail size-thumbnail\" alt=\"\" srcset=\"https:\/\/slmbconsult.com\/wp-content\/uploads\/2022\/09\/ico_step_1-150x150.png 150w, https:\/\/slmbconsult.com\/wp-content\/uploads\/2022\/09\/ico_step_1-400x400.png 400w, https:\/\/slmbconsult.com\/wp-content\/uploads\/2022\/09\/ico_step_1-75x75.png 75w\" sizes=\"auto, (max-width: 150px) 100vw, 150px\" \/><\/div><div class=\"title\">\n                                <h2>PRODUZENT DER ERSTEN EBENE<\/h2>\n                            <\/div><span class=\"rounded-link\">\n                                    <a href=\"http:\/\/slmbconsult.com\/de\/beschaffung\/\"><\/a>\n                                <\/span><\/div><div class=\"styled-column colored\"><div class=\"image_cont\"><img loading=\"lazy\" decoding=\"async\" width=\"150\" height=\"150\" src=\"https:\/\/slmbconsult.com\/wp-content\/uploads\/2022\/09\/ico_step_2-150x150.png\" class=\"attachment-thumbnail size-thumbnail\" alt=\"\" srcset=\"https:\/\/slmbconsult.com\/wp-content\/uploads\/2022\/09\/ico_step_2-150x150.png 150w, https:\/\/slmbconsult.com\/wp-content\/uploads\/2022\/09\/ico_step_2-400x400.png 400w, https:\/\/slmbconsult.com\/wp-content\/uploads\/2022\/09\/ico_step_2-75x75.png 75w\" sizes=\"auto, (max-width: 150px) 100vw, 150px\" \/><\/div><div class=\"title\">\n                                <h2>PRODUZENT DER ZWEITEN EBENE<\/h2>\n                            <\/div><span class=\"rounded-link\">\n                                    <a href=\"http:\/\/slmbconsult.com\/de\/lieferkette\/\"><\/a>\n                                <\/span><\/div><div class=\"styled-column colored\"><div class=\"image_cont\"><img loading=\"lazy\" decoding=\"async\" width=\"150\" height=\"150\" src=\"https:\/\/slmbconsult.com\/wp-content\/uploads\/2022\/09\/ico_step_3-150x150.png\" class=\"attachment-thumbnail size-thumbnail\" alt=\"\" srcset=\"https:\/\/slmbconsult.com\/wp-content\/uploads\/2022\/09\/ico_step_3-150x150.png 150w, https:\/\/slmbconsult.com\/wp-content\/uploads\/2022\/09\/ico_step_3-400x400.png 400w, https:\/\/slmbconsult.com\/wp-content\/uploads\/2022\/09\/ico_step_3-75x75.png 75w\" sizes=\"auto, (max-width: 150px) 100vw, 150px\" \/><\/div><div class=\"title\">\n                                <h2>VERTEILZENTRUM<\/h2>\n                            <\/div><span class=\"rounded-link\">\n                                    <a href=\"http:\/\/slmbconsult.com\/de\/logistik\/\"><\/a>\n                                <\/span><\/div><div class=\"styled-column colored\"><div class=\"image_cont\"><img loading=\"lazy\" decoding=\"async\" width=\"150\" height=\"150\" src=\"https:\/\/slmbconsult.com\/wp-content\/uploads\/2022\/09\/ico_step_4-150x150.png\" class=\"attachment-thumbnail size-thumbnail\" alt=\"\" srcset=\"https:\/\/slmbconsult.com\/wp-content\/uploads\/2022\/09\/ico_step_4-150x150.png 150w, https:\/\/slmbconsult.com\/wp-content\/uploads\/2022\/09\/ico_step_4-400x400.png 400w, https:\/\/slmbconsult.com\/wp-content\/uploads\/2022\/09\/ico_step_4-75x75.png 75w\" sizes=\"auto, (max-width: 150px) 100vw, 150px\" \/><\/div><div class=\"title\">\n                                <h2>GESCH\u00c4FT<\/h2>\n                            <\/div><\/div><\/div>[\/vc_column][\/vc_row][vc_row content_placement=&#8220;middle&#8220; pix_particles_check=&#8220;&#8220; css=&#8220;.vc_custom_1663656058461{margin-top: 60px !important;margin-right: 10% !important;margin-left: 10% !important;}&#8220;][vc_column][vc_row_inner][vc_column_inner width=&#8220;1\/2&#8243;][vc_column_text]<\/p>\r\n<h3 class=\"custom-title\">LOGISTIK<\/h3>\r\n<p class=\"custom_style\">Logistik erfordert die Schaffung und Umsetzung spezifischer L\u00f6sungen und Strategien, die in der Lage sind, die grundlegenden Bed\u00fcrfnisse der gesamten Lieferkette zu erf\u00fcllen.<\/p>\r\n<p class=\"custom_style\">Der Kunde erfordert ein Outsourcing und ein integriertes Management von Logistikdienstleistungen, die die Bed\u00fcrfnisse von Produzenten, Verwaltern und Verbrauchern von Produkten auf einem zunehmend gro\u00dfen und schnelllebigen Markt erf\u00fcllen und befriedigen k\u00f6nnen.<\/p>\r\n<p>[\/vc_column_text][\/vc_column_inner][vc_column_inner width=&#8220;1\/2&#8243;][vc_column_text]<\/p>\r\n<h3 class=\"custom-title\"><\/h3>\r\n<p class=\"custom_style\">SLM Business Consultancy S.R.L. unterst\u00fctzt Unternehmen mit Dienstleistungen und strategischen L\u00f6sungen f\u00fcr die Logistik<\/p>\r\n<ul class=\"custom-li\">\r\n<li>Kostenanalyse f\u00fcr jeden Schritt der Logistikkette vom Lieferanten bis zum Point of Sale;<\/li>\r\n<li>Analyse der Str\u00f6me, Informationen, monet\u00e4ren und fiskalischen Werte unter den Akteuren in der Lieferkette;<\/li>\r\n<li>Analyse von Logistikdienstleistern (Transporteure, Lagerh\u00e4user, Logistikunternehmen, Kuriere, H\u00e4ndler, Importeure, Frachtf\u00fchrer, Verlader) und bestehende Vertr\u00e4ge.<\/li>\r\n<\/ul>\r\n<p>[\/vc_column_text][\/vc_column_inner][\/vc_row_inner][\/vc_column][\/vc_row][vc_row content_placement=&#8220;middle&#8220; pix_particles_check=&#8220;&#8220; css=&#8220;.vc_custom_1663656058461{margin-top: 60px !important;margin-right: 10% !important;margin-left: 10% !important;}&#8220;][vc_column][vc_single_image image=&#8220;13977&#8243; img_size=&#8220;full&#8220; alignment=&#8220;center&#8220;][\/vc_column][\/vc_row][vc_row content_placement=&#8220;middle&#8220; pix_particles_check=&#8220;&#8220; css=&#8220;.vc_custom_1663771289154{margin-top: 60px !important;margin-right: 10% !important;margin-left: 10% !important;background-color: rgba(76,158,74,0.7) !important;*background-color: rgb(76,158,74) !important;}&#8220;][vc_column][vc_column_text]<\/p>\r\n<h2 class=\"custom-title white\">DIE ERGEBNISSE F\u00dcR DEN KUNDEN<\/h2>\r\n<ul class=\"custom-li white\">\r\n<li>Kenntnis der logistischen Kosten aller Phasen der Lieferkette und der Produktschritte zwischen Lieferant, Hersteller, Vertriebszentrum, Vertriebsplattformen und Point of Sale<\/li>\r\n<li>Schaffung von flexiblen L\u00f6sungen f\u00fcr das Unternehmen, um Zeit und Kosten zu optimieren<\/li>\r\n<li>Gew\u00e4hrleistung der Verf\u00fcgbarkeit von Ressourcen (Fahrzeuge, Lagerh\u00e4user, Personen, Materialien), die f\u00fcr die Aufrechterhaltung der Logistikt\u00e4tigkeiten erforderlich sind und im Falle eines zus\u00e4tzlichen Bedarfs schnell reagieren k\u00f6nnen<\/li>\r\n<li>Design von Verteilerpunkten, auch dezentral gelagert, f\u00fcr die optimale Verleihung von Produkten auf nationalem und internationalem Gebiet<\/li>\r\n<li>Entwicklung der Logistik in allen Teilen (von 1PL bis 4PL), um eine breite Palette von Arbeitsl\u00f6sungen zu gew\u00e4hrleisten<\/li>\r\n<li>Optimierung der Gesch\u00e4ftsprozesse der Kunden und Einf\u00fchrung eines 4PL-Logistikmodells<\/li>\r\n<li>Implementierung einer Partnerschaft mit dem Logistikdienstleister, die die Integration aller Schritte der Kette in einer einzigen One-Stop-Shop-L\u00f6sung garantiert<\/li>\r\n<li>Reduzierung des administrativ-b\u00fcrokratischen Teils, der das Kundenunternehmen belastet, so dass sich alle eingesetzten Ressourcen auf das Kerngesch\u00e4ft (die Verwaltung des Restaurants und den Kundenservice) konzentrieren k\u00f6nnen<\/li>\r\n<li>Unterst\u00fctzung und Verifizierung bei Audits von Logistikpartnern: Zertifizierungen, Verfahren und Best Practices, Dienstleistungen, Lagerverwaltung und Fahrzeuge mit K\u00fchlsystemen, Krisenmanagement und Eventualit\u00e4ten, Investitionen in Fahrzeuge und Lager.<\/li>\r\n<\/ul>\r\n<p>[\/vc_column_text][\/vc_column][\/vc_row][vc_row content_placement=&#8220;middle&#8220; pix_particles_check=&#8220;&#8220; css=&#8220;.vc_custom_1663656058461{margin-top: 60px !important;margin-right: 10% !important;margin-left: 10% !important;}&#8220;][vc_column][vc_row_inner][vc_column_inner width=&#8220;1\/2&#8243;][vc_column_text]<\/p>\r\n<h3 class=\"custom-title\">RETROLOGISTIK<\/h3>\r\n<p class=\"custom_style\">Die R\u00fccknahme-Logistik bewegt die zur\u00fcckgesandten Produkte und diejenigen am Ende des Lebenszyklus vom endg\u00fcltigen Bestimmungsort zum urspr\u00fcnglichen Produzenten oder zu den Unternehmen, die sich um ihre R\u00fcckgewinnung, Entsorgung oder Recycling k\u00fcmmern, so dass die Produkte wiederverwendet werden und nicht in einer Deponie landen. Heutzutage erfordert die Komplexit\u00e4t der Vertriebskette die gleiche Aufmerksamkeit f\u00fcr die R\u00fcckf\u00fchrung der Produkte wie f\u00fcr den Verkauf von Produkten. Wenn diese wiederverwendet werden k\u00f6nnen, ist es notwendig, den maximalen Wert aus ihrer Wiedereinf\u00fchrung auf dem Markt ableiten zu k\u00f6nnen. Auf der anderen Seite, wenn die Produkte ihren Lebenszyklus abgeschlossen haben, ist es notwendig, eine umweltfreundliche und effiziente Entsorgung anzuwenden.<\/p>\r\n<p>[\/vc_column_text][\/vc_column_inner][vc_column_inner width=&#8220;1\/2&#8243;][vc_column_text]<\/p>\r\n<h3 class=\"custom-title\"><\/h3>\r\n<p class=\"custom_style\">Unternehmen profitieren von der Anwendung der Retourenlogistik: Eine ordnungsgem\u00e4\u00dfe Entsorgung und R\u00fcckf\u00fchrung kann zu neuen Gesch\u00e4ftsm\u00f6glichkeiten f\u00fchren und gleichzeitig Produktionsprozesse im Einklang mit der \u00f6kologischen Nachhaltigkeit und in \u00dcbereinstimmung mit den einschl\u00e4gigen Gesetzen gew\u00e4hrleisten. SLM Business Consultancy S.R.L. unterst\u00fctzt Unternehmen bei der Suche nach Fachgebieten, die auf Retrologistik-Prozesse spezialisiert sind, um eine korrekte und effiziente Wiederaufbereitung von Produkten zu gew\u00e4hrleisten, mit einer konsequenten Reduzierung der Umweltbelastung und einer signifikanten Kostensenkung. Unsere L\u00f6sungen bieten eine vollst\u00e4ndige Verwaltung der R\u00fccksendungen und zielen darauf ab, den maximalen Wert aus dem Verkauf von ersch\u00f6pften Produkten (wie Kartons, \u00d6l und Verpackungen) an diejenigen zu erreichen, die eine korrekte Regeneration garantieren k\u00f6nnen.<br \/>\r\nDienstleistungen umfassen:<\/p>\r\n<ul class=\"custom-li\">\r\n<li>Konsolidierung des Return-to-Vendor-Prozesses (RTV)<\/li>\r\n<li>Wiedereinf\u00fchrung in den Markt<\/li>\r\n<li>Recycling und Verwertung der genutzten Ressourcen<\/li>\r\n<li>Neue Verwaltung von Ressourcen<\/li>\r\n<\/ul>\r\n<p>[\/vc_column_text][\/vc_column_inner][\/vc_row_inner][\/vc_column][\/vc_row][vc_row pix_particles_check=&#8220;&#8220;][vc_column][\/vc_column][\/vc_row]<\/p>\r\n","protected":false},"excerpt":{"rendered":"[vc_row pix_particles_check=&#8220;&#8220;][vc_column][\/vc_column][\/vc_row][vc_row content_placement=&#8220;middle&#8220; pix_particles_check=&#8220;&#8220; css=&#8220;.vc_custom_1663656058461{margin-top: 60px !important;margin-right: 10% !important;margin-left: 10% !important;}&#8220;][vc_column][vc_row_inner][vc_column_inner width=&#8220;1\/2&#8243;][vc_column_text] LOGISTIK Logistik erfordert die Schaffung und Umsetzung spezifischer L\u00f6sungen und Strategien, die in der Lage sind, die grundlegenden Bed\u00fcrfnisse der gesamten Lieferkette zu erf\u00fcllen. Der Kunde erfordert ein&#8230;","protected":false},"author":1,"featured_media":0,"parent":0,"menu_order":0,"comment_status":"closed","ping_status":"closed","template":"templates\/template-full-width.php","meta":{"_acf_changed":false,"footnotes":""},"class_list":["post-13982","page","type-page","status-publish","hentry"],"acf":[],"yoast_head":"<!-- This site is optimized with the Yoast SEO plugin v26.2 - https:\/\/yoast.com\/wordpress\/plugins\/seo\/ -->\n<title>L\u00f6sungen f\u00fcr Logistik | SLM<\/title>\n<meta name=\"description\" content=\"SLM Business Consultancy unterst\u00fctzt Unternehmen mit verschiedenen Dienstleistungen und L\u00f6sungen im Bereich Logistik.\" \/>\n<meta name=\"robots\" content=\"index, follow, max-snippet:-1, max-image-preview:large, max-video-preview:-1\" \/>\n<link rel=\"canonical\" href=\"https:\/\/slmbconsult.com\/de\/logistik\/\" \/>\n<meta property=\"og:locale\" content=\"de_DE\" \/>\n<meta property=\"og:type\" content=\"article\" \/>\n<meta property=\"og:title\" content=\"L\u00f6sungen f\u00fcr Logistik | SLM\" \/>\n<meta property=\"og:description\" content=\"SLM Business Consultancy unterst\u00fctzt Unternehmen mit verschiedenen Dienstleistungen und L\u00f6sungen im Bereich Logistik.\" \/>\n<meta property=\"og:url\" content=\"https:\/\/slmbconsult.com\/de\/logistik\/\" \/>\n<meta property=\"og:site_name\" content=\"slmbconsulting\" \/>\n<meta property=\"article:modified_time\" content=\"2022-09-27T15:20:48+00:00\" \/>\n<meta name=\"twitter:card\" content=\"summary_large_image\" \/>\n<meta name=\"twitter:label1\" content=\"Gesch\u00e4tzte Lesezeit\" \/>\n\t<meta name=\"twitter:data1\" content=\"4\u00a0Minuten\" \/>\n<script type=\"application\/ld+json\" class=\"yoast-schema-graph\">{\"@context\":\"https:\/\/schema.org\",\"@graph\":[{\"@type\":\"WebPage\",\"@id\":\"https:\/\/slmbconsult.com\/de\/logistik\/\",\"url\":\"https:\/\/slmbconsult.com\/de\/logistik\/\",\"name\":\"L\u00f6sungen f\u00fcr Logistik | SLM\",\"isPartOf\":{\"@id\":\"https:\/\/slmbconsult.com\/#website\"},\"datePublished\":\"2022-09-21T15:18:27+00:00\",\"dateModified\":\"2022-09-27T15:20:48+00:00\",\"description\":\"SLM Business Consultancy unterst\u00fctzt Unternehmen mit verschiedenen Dienstleistungen und L\u00f6sungen im Bereich Logistik.\",\"breadcrumb\":{\"@id\":\"https:\/\/slmbconsult.com\/de\/logistik\/#breadcrumb\"},\"inLanguage\":\"de\",\"potentialAction\":[{\"@type\":\"ReadAction\",\"target\":[\"https:\/\/slmbconsult.com\/de\/logistik\/\"]}]},{\"@type\":\"BreadcrumbList\",\"@id\":\"https:\/\/slmbconsult.com\/de\/logistik\/#breadcrumb\",\"itemListElement\":[{\"@type\":\"ListItem\",\"position\":1,\"name\":\"Home\",\"item\":\"https:\/\/slmbconsult.com\/de\/\"},{\"@type\":\"ListItem\",\"position\":2,\"name\":\"Logistik\"}]},{\"@type\":\"WebSite\",\"@id\":\"https:\/\/slmbconsult.com\/#website\",\"url\":\"https:\/\/slmbconsult.com\/\",\"name\":\"slmbconsulting\",\"description\":\"Un nuovo sito targato WordPress\",\"potentialAction\":[{\"@type\":\"SearchAction\",\"target\":{\"@type\":\"EntryPoint\",\"urlTemplate\":\"https:\/\/slmbconsult.com\/?s={search_term_string}\"},\"query-input\":{\"@type\":\"PropertyValueSpecification\",\"valueRequired\":true,\"valueName\":\"search_term_string\"}}],\"inLanguage\":\"de\"}]}<\/script>\n<!-- \/ Yoast SEO plugin. -->","yoast_head_json":{"title":"L\u00f6sungen f\u00fcr Logistik | SLM","description":"SLM Business Consultancy unterst\u00fctzt Unternehmen mit verschiedenen Dienstleistungen und L\u00f6sungen im Bereich Logistik.","robots":{"index":"index","follow":"follow","max-snippet":"max-snippet:-1","max-image-preview":"max-image-preview:large","max-video-preview":"max-video-preview:-1"},"canonical":"https:\/\/slmbconsult.com\/de\/logistik\/","og_locale":"de_DE","og_type":"article","og_title":"L\u00f6sungen f\u00fcr Logistik | SLM","og_description":"SLM Business Consultancy unterst\u00fctzt Unternehmen mit verschiedenen Dienstleistungen und L\u00f6sungen im Bereich Logistik.","og_url":"https:\/\/slmbconsult.com\/de\/logistik\/","og_site_name":"slmbconsulting","article_modified_time":"2022-09-27T15:20:48+00:00","twitter_card":"summary_large_image","twitter_misc":{"Gesch\u00e4tzte Lesezeit":"4\u00a0Minuten"},"schema":{"@context":"https:\/\/schema.org","@graph":[{"@type":"WebPage","@id":"https:\/\/slmbconsult.com\/de\/logistik\/","url":"https:\/\/slmbconsult.com\/de\/logistik\/","name":"L\u00f6sungen f\u00fcr Logistik | SLM","isPartOf":{"@id":"https:\/\/slmbconsult.com\/#website"},"datePublished":"2022-09-21T15:18:27+00:00","dateModified":"2022-09-27T15:20:48+00:00","description":"SLM Business Consultancy unterst\u00fctzt Unternehmen mit verschiedenen Dienstleistungen und L\u00f6sungen im Bereich Logistik.","breadcrumb":{"@id":"https:\/\/slmbconsult.com\/de\/logistik\/#breadcrumb"},"inLanguage":"de","potentialAction":[{"@type":"ReadAction","target":["https:\/\/slmbconsult.com\/de\/logistik\/"]}]},{"@type":"BreadcrumbList","@id":"https:\/\/slmbconsult.com\/de\/logistik\/#breadcrumb","itemListElement":[{"@type":"ListItem","position":1,"name":"Home","item":"https:\/\/slmbconsult.com\/de\/"},{"@type":"ListItem","position":2,"name":"Logistik"}]},{"@type":"WebSite","@id":"https:\/\/slmbconsult.com\/#website","url":"https:\/\/slmbconsult.com\/","name":"slmbconsulting","description":"Un nuovo sito targato WordPress","potentialAction":[{"@type":"SearchAction","target":{"@type":"EntryPoint","urlTemplate":"https:\/\/slmbconsult.com\/?s={search_term_string}"},"query-input":{"@type":"PropertyValueSpecification","valueRequired":true,"valueName":"search_term_string"}}],"inLanguage":"de"}]}},"_links":{"self":[{"href":"https:\/\/slmbconsult.com\/de\/wp-json\/wp\/v2\/pages\/13982","targetHints":{"allow":["GET"]}}],"collection":[{"href":"https:\/\/slmbconsult.com\/de\/wp-json\/wp\/v2\/pages"}],"about":[{"href":"https:\/\/slmbconsult.com\/de\/wp-json\/wp\/v2\/types\/page"}],"author":[{"embeddable":true,"href":"https:\/\/slmbconsult.com\/de\/wp-json\/wp\/v2\/users\/1"}],"replies":[{"embeddable":true,"href":"https:\/\/slmbconsult.com\/de\/wp-json\/wp\/v2\/comments?post=13982"}],"version-history":[{"count":9,"href":"https:\/\/slmbconsult.com\/de\/wp-json\/wp\/v2\/pages\/13982\/revisions"}],"predecessor-version":[{"id":14178,"href":"https:\/\/slmbconsult.com\/de\/wp-json\/wp\/v2\/pages\/13982\/revisions\/14178"}],"wp:attachment":[{"href":"https:\/\/slmbconsult.com\/de\/wp-json\/wp\/v2\/media?parent=13982"}],"curies":[{"name":"wp","href":"https:\/\/api.w.org\/{rel}","templated":true}]}}