


{"id":13938,"date":"2022-09-21T16:39:23","date_gmt":"2022-09-21T14:39:23","guid":{"rendered":"http:\/\/slmconsulting.switchapp.it\/?page_id=13938"},"modified":"2022-09-27T17:27:52","modified_gmt":"2022-09-27T15:27:52","slug":"beschaffung","status":"publish","type":"page","link":"https:\/\/slmbconsult.com\/de\/beschaffung\/","title":{"rendered":"Beschaffung"},"content":{"rendered":"<p>[vc_row pix_particles_check=&#8220;&#8220;][vc_column]<div class=\"four-column\"><div class=\"styled-column colored\"><div class=\"image_cont\"><img loading=\"lazy\" decoding=\"async\" width=\"150\" height=\"150\" src=\"https:\/\/slmbconsult.com\/wp-content\/uploads\/2022\/09\/ico_step_1-150x150.png\" class=\"attachment-thumbnail size-thumbnail\" alt=\"\" srcset=\"https:\/\/slmbconsult.com\/wp-content\/uploads\/2022\/09\/ico_step_1-150x150.png 150w, https:\/\/slmbconsult.com\/wp-content\/uploads\/2022\/09\/ico_step_1-400x400.png 400w, https:\/\/slmbconsult.com\/wp-content\/uploads\/2022\/09\/ico_step_1-75x75.png 75w\" sizes=\"auto, (max-width: 150px) 100vw, 150px\" \/><\/div><div class=\"title\">\n                                <h2>PRODUZENT DER ERSTEN EBENE<\/h2>\n                            <\/div><span class=\"rounded-link\">\n                                    <a href=\"http:\/\/slmbconsult.com\/de\/beschaffung\/\"><\/a>\n                                <\/span><\/div><div class=\"styled-column colored\"><div class=\"image_cont\"><img loading=\"lazy\" decoding=\"async\" width=\"150\" height=\"150\" src=\"https:\/\/slmbconsult.com\/wp-content\/uploads\/2022\/09\/ico_step_2-150x150.png\" class=\"attachment-thumbnail size-thumbnail\" alt=\"\" srcset=\"https:\/\/slmbconsult.com\/wp-content\/uploads\/2022\/09\/ico_step_2-150x150.png 150w, https:\/\/slmbconsult.com\/wp-content\/uploads\/2022\/09\/ico_step_2-400x400.png 400w, https:\/\/slmbconsult.com\/wp-content\/uploads\/2022\/09\/ico_step_2-75x75.png 75w\" sizes=\"auto, (max-width: 150px) 100vw, 150px\" \/><\/div><div class=\"title\">\n                                <h2>PRODUZENT DER ZWEITEN EBENE<\/h2>\n                            <\/div><span class=\"rounded-link\">\n                                    <a href=\"http:\/\/slmbconsult.com\/de\/lieferkette\/\"><\/a>\n                                <\/span><\/div><div class=\"styled-column colored\"><div class=\"image_cont\"><img loading=\"lazy\" decoding=\"async\" width=\"150\" height=\"150\" src=\"https:\/\/slmbconsult.com\/wp-content\/uploads\/2022\/09\/ico_step_3-150x150.png\" class=\"attachment-thumbnail size-thumbnail\" alt=\"\" srcset=\"https:\/\/slmbconsult.com\/wp-content\/uploads\/2022\/09\/ico_step_3-150x150.png 150w, https:\/\/slmbconsult.com\/wp-content\/uploads\/2022\/09\/ico_step_3-400x400.png 400w, https:\/\/slmbconsult.com\/wp-content\/uploads\/2022\/09\/ico_step_3-75x75.png 75w\" sizes=\"auto, (max-width: 150px) 100vw, 150px\" \/><\/div><div class=\"title\">\n                                <h2>VERTEILZENTRUM<\/h2>\n                            <\/div><span class=\"rounded-link\">\n                                    <a href=\"http:\/\/slmbconsult.com\/de\/logistik\/\"><\/a>\n                                <\/span><\/div><div class=\"styled-column colored\"><div class=\"image_cont\"><img loading=\"lazy\" decoding=\"async\" width=\"150\" height=\"150\" src=\"https:\/\/slmbconsult.com\/wp-content\/uploads\/2022\/09\/ico_step_4-150x150.png\" class=\"attachment-thumbnail size-thumbnail\" alt=\"\" srcset=\"https:\/\/slmbconsult.com\/wp-content\/uploads\/2022\/09\/ico_step_4-150x150.png 150w, https:\/\/slmbconsult.com\/wp-content\/uploads\/2022\/09\/ico_step_4-400x400.png 400w, https:\/\/slmbconsult.com\/wp-content\/uploads\/2022\/09\/ico_step_4-75x75.png 75w\" sizes=\"auto, (max-width: 150px) 100vw, 150px\" \/><\/div><div class=\"title\">\n                                <h2>GESCH\u00c4FT<\/h2>\n                            <\/div><\/div><\/div>[\/vc_column][\/vc_row][vc_row content_placement=&#8220;middle&#8220; pix_particles_check=&#8220;&#8220; css=&#8220;.vc_custom_1663656058461{margin-top: 60px !important;margin-right: 10% !important;margin-left: 10% !important;}&#8220;][vc_column][vc_row_inner][vc_column_inner width=&#8220;1\/2&#8243;][vc_column_text]<\/p>\r\n<h3 class=\"custom-title\">EINKAUF<\/h3>\r\n<p class=\"custom_style\">Die Verwaltung der Eink\u00e4ufe in einem Unternehmen ist ein entscheidender Punkt: Durch die Verbesserung der Vereinbarungen mit den Lieferanten k\u00f6nnen vorteilhafte Kaufvertr\u00e4ge festgelegt werden, die die Produktkosten senken und die Gewinnmargen erh\u00f6hen.<\/p>\r\n<p>[\/vc_column_text][\/vc_column_inner][vc_column_inner width=&#8220;1\/2&#8243;][vc_column_text]<\/p>\r\n<h3 class=\"custom-title\"><\/h3>\r\n<p class=\"custom_style\">Im Zusammenhang mit den Eink\u00e4ufen erbringt SLM Business Consultancy S.R.L. folgende Dienstleistungen:<\/p>\r\n<ul class=\"custom-li\">\r\n<li>Analyse bestehender Beschaffungskan\u00e4le: M\u00e4rkte, Lieferanten, Produkte, Qualit\u00e4t, Preise und Vertr\u00e4ge<\/li>\r\n<li>Analyse des Einkaufsvolumens nach Produkttyp und Endkosten am Point of Sale<\/li>\r\n<li>Vermittlung mit bestehenden Lieferanten<\/li>\r\n<li>Formalisierung neuer Vertr\u00e4ge mit Lieferanten im Auftrag des Kunden.<\/li>\r\n<\/ul>\r\n<p>[\/vc_column_text][\/vc_column_inner][\/vc_row_inner][\/vc_column][\/vc_row][vc_row content_placement=&#8220;middle&#8220; pix_particles_check=&#8220;&#8220; css=&#8220;.vc_custom_1663656058461{margin-top: 60px !important;margin-right: 10% !important;margin-left: 10% !important;}&#8220;][vc_column][vc_single_image image=&#8220;13939&#8243; img_size=&#8220;full&#8220; alignment=&#8220;center&#8220;][\/vc_column][\/vc_row][vc_row content_placement=&#8220;middle&#8220; pix_particles_check=&#8220;&#8220; css=&#8220;.vc_custom_1663771289154{margin-top: 60px !important;margin-right: 10% !important;margin-left: 10% !important;background-color: rgba(76,158,74,0.7) !important;*background-color: rgb(76,158,74) !important;}&#8220;][vc_column][vc_column_text]<\/p>\r\n<h2 class=\"custom-title white\">DIE ERGEBNISSE F\u00dcR DEN KUNDEN<\/h2>\r\n<ul class=\"custom-li white\">\r\n<li>Sch\u00e4tzung der Gesamtkosten der Lieferkette im Hinblick auf die Zusammenarbeit und Vereinbarungen zwischen dem Kundenunternehmen und dem Lieferanten (Open-Book-Berechnung)<\/li>\r\n<li>Erschliessung neuer Einkaufskan\u00e4le und neuer Beschaffungsl\u00f6sungen<\/li>\r\n<li>Reduzierung der Anzahl der Lieferanten und Produkte, um das Angebot zu standardisieren<\/li>\r\n<li>Sicherung von Informationen und Dokumentation, um bei Problemen mit Lieferanten die Kontinuit\u00e4t der Prozesse zu gew\u00e4hrleisten<\/li>\r\n<li>Reduzierung von Kosten und Preisen sowie Kenntnis des Einsparpotentials f\u00fcr das Unternehmen<\/li>\r\n<li>Kooperation und Partnerschaft mit Lieferanten zur Erreichung gemeinsamer Ziele (Win-Win-L\u00f6sung)<\/li>\r\n<li>Gew\u00e4hrleistung einer schnellen Bearbeitung von Beschwerden und R\u00fcckrufaktionen von Lebensmitteln im Krisenfall (Recall)<\/li>\r\n<li>R\u00fcckverfolgbarkeit von Produkten von der Quelle bis zum Produzenten; Qualit\u00e4t, Preis und Verf\u00fcgbarkeit des Produkts, die dem Unternehmen mittel- und langfristig garantiert werden<\/li>\r\n<li>\u00dcberwachung der Leistungsindikatoren der Partner (KPIs) in der gesamten Lieferkette und Weitergabe der Ergebnisse an die Partner selbst, um den bestm\u00f6glichen Service aller an der Lieferkette beteiligten Unternehmen zu gew\u00e4hrleisten<\/li>\r\n<li>Support und \u00dcberpr\u00fcfung mit Lieferanten-Audits: Zertifizierungen, Verfahren, Qualit\u00e4t und Dienstleistungen.<\/li>\r\n<\/ul>\r\n<p>[\/vc_column_text][\/vc_column][\/vc_row]<\/p>\r\n","protected":false},"excerpt":{"rendered":"[vc_row pix_particles_check=&#8220;&#8220;][vc_column][\/vc_column][\/vc_row][vc_row content_placement=&#8220;middle&#8220; pix_particles_check=&#8220;&#8220; css=&#8220;.vc_custom_1663656058461{margin-top: 60px !important;margin-right: 10% !important;margin-left: 10% !important;}&#8220;][vc_column][vc_row_inner][vc_column_inner width=&#8220;1\/2&#8243;][vc_column_text] EINKAUF Die Verwaltung der Eink\u00e4ufe in einem Unternehmen ist ein entscheidender Punkt: Durch die Verbesserung der Vereinbarungen mit den Lieferanten k\u00f6nnen vorteilhafte Kaufvertr\u00e4ge festgelegt werden, die die Produktkosten&#8230;","protected":false},"author":1,"featured_media":0,"parent":0,"menu_order":0,"comment_status":"closed","ping_status":"closed","template":"templates\/template-full-width.php","meta":{"_acf_changed":false,"footnotes":""},"class_list":["post-13938","page","type-page","status-publish","hentry"],"acf":[],"yoast_head":"<!-- This site is optimized with the Yoast SEO plugin v26.2 - https:\/\/yoast.com\/wordpress\/plugins\/seo\/ -->\n<title>Beschaffungswesen | SLM<\/title>\n<meta name=\"description\" content=\"SLM ist ein strategischer Partner im Beschaffungsmanagement, mit der F\u00e4higkeit, die gesamte Lieferkette zu steuern.\" \/>\n<meta name=\"robots\" content=\"index, follow, max-snippet:-1, max-image-preview:large, max-video-preview:-1\" \/>\n<link rel=\"canonical\" href=\"https:\/\/slmbconsult.com\/de\/beschaffung\/\" \/>\n<meta property=\"og:locale\" content=\"de_DE\" \/>\n<meta property=\"og:type\" content=\"article\" \/>\n<meta property=\"og:title\" content=\"Beschaffungswesen | SLM\" \/>\n<meta property=\"og:description\" content=\"SLM ist ein strategischer Partner im Beschaffungsmanagement, mit der F\u00e4higkeit, die gesamte Lieferkette zu steuern.\" \/>\n<meta property=\"og:url\" content=\"https:\/\/slmbconsult.com\/de\/beschaffung\/\" \/>\n<meta property=\"og:site_name\" content=\"slmbconsulting\" \/>\n<meta property=\"article:modified_time\" content=\"2022-09-27T15:27:52+00:00\" \/>\n<meta name=\"twitter:card\" content=\"summary_large_image\" \/>\n<meta name=\"twitter:label1\" content=\"Gesch\u00e4tzte Lesezeit\" \/>\n\t<meta name=\"twitter:data1\" content=\"3\u00a0Minuten\" \/>\n<script type=\"application\/ld+json\" class=\"yoast-schema-graph\">{\"@context\":\"https:\/\/schema.org\",\"@graph\":[{\"@type\":\"WebPage\",\"@id\":\"https:\/\/slmbconsult.com\/de\/beschaffung\/\",\"url\":\"https:\/\/slmbconsult.com\/de\/beschaffung\/\",\"name\":\"Beschaffungswesen | SLM\",\"isPartOf\":{\"@id\":\"https:\/\/slmbconsult.com\/#website\"},\"datePublished\":\"2022-09-21T14:39:23+00:00\",\"dateModified\":\"2022-09-27T15:27:52+00:00\",\"description\":\"SLM ist ein strategischer Partner im Beschaffungsmanagement, mit der F\u00e4higkeit, die gesamte Lieferkette zu steuern.\",\"breadcrumb\":{\"@id\":\"https:\/\/slmbconsult.com\/de\/beschaffung\/#breadcrumb\"},\"inLanguage\":\"de\",\"potentialAction\":[{\"@type\":\"ReadAction\",\"target\":[\"https:\/\/slmbconsult.com\/de\/beschaffung\/\"]}]},{\"@type\":\"BreadcrumbList\",\"@id\":\"https:\/\/slmbconsult.com\/de\/beschaffung\/#breadcrumb\",\"itemListElement\":[{\"@type\":\"ListItem\",\"position\":1,\"name\":\"Home\",\"item\":\"https:\/\/slmbconsult.com\/de\/\"},{\"@type\":\"ListItem\",\"position\":2,\"name\":\"Beschaffung\"}]},{\"@type\":\"WebSite\",\"@id\":\"https:\/\/slmbconsult.com\/#website\",\"url\":\"https:\/\/slmbconsult.com\/\",\"name\":\"slmbconsulting\",\"description\":\"Un nuovo sito targato WordPress\",\"potentialAction\":[{\"@type\":\"SearchAction\",\"target\":{\"@type\":\"EntryPoint\",\"urlTemplate\":\"https:\/\/slmbconsult.com\/?s={search_term_string}\"},\"query-input\":{\"@type\":\"PropertyValueSpecification\",\"valueRequired\":true,\"valueName\":\"search_term_string\"}}],\"inLanguage\":\"de\"}]}<\/script>\n<!-- \/ Yoast SEO plugin. -->","yoast_head_json":{"title":"Beschaffungswesen | SLM","description":"SLM ist ein strategischer Partner im Beschaffungsmanagement, mit der F\u00e4higkeit, die gesamte Lieferkette zu steuern.","robots":{"index":"index","follow":"follow","max-snippet":"max-snippet:-1","max-image-preview":"max-image-preview:large","max-video-preview":"max-video-preview:-1"},"canonical":"https:\/\/slmbconsult.com\/de\/beschaffung\/","og_locale":"de_DE","og_type":"article","og_title":"Beschaffungswesen | SLM","og_description":"SLM ist ein strategischer Partner im Beschaffungsmanagement, mit der F\u00e4higkeit, die gesamte Lieferkette zu steuern.","og_url":"https:\/\/slmbconsult.com\/de\/beschaffung\/","og_site_name":"slmbconsulting","article_modified_time":"2022-09-27T15:27:52+00:00","twitter_card":"summary_large_image","twitter_misc":{"Gesch\u00e4tzte Lesezeit":"3\u00a0Minuten"},"schema":{"@context":"https:\/\/schema.org","@graph":[{"@type":"WebPage","@id":"https:\/\/slmbconsult.com\/de\/beschaffung\/","url":"https:\/\/slmbconsult.com\/de\/beschaffung\/","name":"Beschaffungswesen | SLM","isPartOf":{"@id":"https:\/\/slmbconsult.com\/#website"},"datePublished":"2022-09-21T14:39:23+00:00","dateModified":"2022-09-27T15:27:52+00:00","description":"SLM ist ein strategischer Partner im Beschaffungsmanagement, mit der F\u00e4higkeit, die gesamte Lieferkette zu steuern.","breadcrumb":{"@id":"https:\/\/slmbconsult.com\/de\/beschaffung\/#breadcrumb"},"inLanguage":"de","potentialAction":[{"@type":"ReadAction","target":["https:\/\/slmbconsult.com\/de\/beschaffung\/"]}]},{"@type":"BreadcrumbList","@id":"https:\/\/slmbconsult.com\/de\/beschaffung\/#breadcrumb","itemListElement":[{"@type":"ListItem","position":1,"name":"Home","item":"https:\/\/slmbconsult.com\/de\/"},{"@type":"ListItem","position":2,"name":"Beschaffung"}]},{"@type":"WebSite","@id":"https:\/\/slmbconsult.com\/#website","url":"https:\/\/slmbconsult.com\/","name":"slmbconsulting","description":"Un nuovo sito targato WordPress","potentialAction":[{"@type":"SearchAction","target":{"@type":"EntryPoint","urlTemplate":"https:\/\/slmbconsult.com\/?s={search_term_string}"},"query-input":{"@type":"PropertyValueSpecification","valueRequired":true,"valueName":"search_term_string"}}],"inLanguage":"de"}]}},"_links":{"self":[{"href":"https:\/\/slmbconsult.com\/de\/wp-json\/wp\/v2\/pages\/13938","targetHints":{"allow":["GET"]}}],"collection":[{"href":"https:\/\/slmbconsult.com\/de\/wp-json\/wp\/v2\/pages"}],"about":[{"href":"https:\/\/slmbconsult.com\/de\/wp-json\/wp\/v2\/types\/page"}],"author":[{"embeddable":true,"href":"https:\/\/slmbconsult.com\/de\/wp-json\/wp\/v2\/users\/1"}],"replies":[{"embeddable":true,"href":"https:\/\/slmbconsult.com\/de\/wp-json\/wp\/v2\/comments?post=13938"}],"version-history":[{"count":15,"href":"https:\/\/slmbconsult.com\/de\/wp-json\/wp\/v2\/pages\/13938\/revisions"}],"predecessor-version":[{"id":14180,"href":"https:\/\/slmbconsult.com\/de\/wp-json\/wp\/v2\/pages\/13938\/revisions\/14180"}],"wp:attachment":[{"href":"https:\/\/slmbconsult.com\/de\/wp-json\/wp\/v2\/media?parent=13938"}],"curies":[{"name":"wp","href":"https:\/\/api.w.org\/{rel}","templated":true}]}}