


{"id":13797,"date":"2022-09-21T11:57:09","date_gmt":"2022-09-21T09:57:09","guid":{"rendered":"http:\/\/slmconsulting.switchapp.it\/?page_id=13797"},"modified":"2022-09-27T09:31:55","modified_gmt":"2022-09-27T07:31:55","slug":"temporaeres-management","status":"publish","type":"page","link":"https:\/\/slmbconsult.com\/de\/temporaeres-management\/","title":{"rendered":"Tempor\u00e4res Management"},"content":{"rendered":"[vc_row content_placement=&#8220;middle&#8220; pix_particles_check=&#8220;&#8220; css=&#8220;.vc_custom_1663656058461{margin-top: 60px !important;margin-right: 10% !important;margin-left: 10% !important;}&#8220;][vc_column][vc_row_inner][vc_column_inner width=&#8220;1\/2&#8243;][vc_column_text]\r\n<h3 class=\"custom-title\">TEMPORARY MANAGEMENT<\/h3>\r\n<p class=\"custom_style\">SLM Business Consultancy S.R.L. bietet Dienstleistungen im Bereich des Temporary Managements f\u00fcr Kunden an, die f\u00fcr kurze oder lange Zeitr\u00e4ume flexible Unterst\u00fctzung im Unternehmen ben\u00f6tigen, denen sie vor\u00fcbergehend das Supply Chain Management anvertrauen k\u00f6nnen.<\/p>\r\n[\/vc_column_text][\/vc_column_inner][vc_column_inner width=&#8220;1\/2&#8243;][vc_column_text]\r\n<h3 class=\"custom-title\"><\/h3>\r\n<p class=\"custom_style\">SLM Business Consultancy S.R.L. bietet auch Beratungsdienste w\u00e4hrend der Suchphase von geeigneten Kandidaten an, um die vakante Rolle zu f\u00fcllen, wobei darauf geachtet wird, den Transfer von F\u00e4higkeiten und Wissen w\u00e4hrend der Einf\u00fchrungsphase des Kandidaten zu organisieren.<\/p>\r\n[\/vc_column_text][\/vc_column_inner][\/vc_row_inner][\/vc_column][\/vc_row][vc_row equal_height=&#8220;yes&#8220; pix_particles_check=&#8220;&#8220; css=&#8220;.vc_custom_1663754279527{margin-right: 20% !important;margin-left: 20% !important;}&#8220; el_class=&#8220;four-column hover&#8220;][vc_column width=&#8220;1\/4&#8243; content_align=&#8220;text-center&#8220; el_class=&#8220;styled-column&#8220;][vc_single_image image=&#8220;13598&#8243; img_size=&#8220;full&#8220; alignment=&#8220;center&#8220; onclick=&#8220;custom_link&#8220; link=&#8220;#temp_buyer&#8220;][vc_column_text el_class=&#8220;title&#8220;]\r\n<h2 style=\"text-align: center;\">Temporary Buyer<\/h2>\r\n[\/vc_column_text][\/vc_column][vc_column width=&#8220;1\/4&#8243; content_align=&#8220;text-center&#8220; el_class=&#8220;styled-column&#8220;][vc_single_image image=&#8220;13595&#8243; img_size=&#8220;full&#8220; alignment=&#8220;center&#8220; onclick=&#8220;custom_link&#8220; link=&#8220;#temp_chain_manager&#8220;][vc_column_text el_class=&#8220;title&#8220;]\r\n<h2 style=\"text-align: center;\">Temporary Supply Chain Manager<\/h2>\r\n[\/vc_column_text][\/vc_column][vc_column width=&#8220;1\/4&#8243; content_align=&#8220;text-center&#8220; el_class=&#8220;styled-column&#8220;][vc_single_image image=&#8220;13592&#8243; img_size=&#8220;full&#8220; alignment=&#8220;center&#8220; onclick=&#8220;custom_link&#8220; link=&#8220;#temp_logistic_manager&#8220;][vc_column_text el_class=&#8220;title&#8220;]\r\n<h2 style=\"text-align: center;\">Temporary Logistics Manager<\/h2>\r\n[\/vc_column_text][\/vc_column][vc_column width=&#8220;1\/4&#8243; content_align=&#8220;text-center&#8220; el_class=&#8220;styled-column&#8220;][vc_single_image image=&#8220;13589&#8243; img_size=&#8220;full&#8220; alignment=&#8220;center&#8220; onclick=&#8220;custom_link&#8220; link=&#8220;#temp_project_manager&#8220;][vc_column_text el_class=&#8220;title&#8220;]\r\n<h2 style=\"text-align: center;\">Temporary Project Manager<\/h2>\r\n[\/vc_column_text][\/vc_column][\/vc_row][vc_row content_placement=&#8220;middle&#8220; pix_particles_check=&#8220;&#8220; css=&#8220;.vc_custom_1663769102387{margin-right: 10% !important;margin-left: 10% !important;background-color: #f2f8f0 !important;}&#8220; el_class=&#8220;copy-image&#8220; el_id=&#8220;temp_buyer&#8220;][vc_column][vc_row_inner content_placement=&#8220;middle&#8220;][vc_column_inner el_class=&#8220;copy-image__image&#8220; width=&#8220;1\/4&#8243;][vc_single_image image=&#8220;13598&#8243; img_size=&#8220;full&#8220; alignment=&#8220;center&#8220;][vc_column_text el_class=&#8220;title&#8220;]\r\n<h3 class=\"title\">Temporary Buyer<\/h3>\r\n[\/vc_column_text][\/vc_column_inner][vc_column_inner el_class=&#8220;copy-image__copy&#8220; width=&#8220;3\/4&#8243; css=&#8220;.vc_custom_1663769046209{margin-top: 20px !important;margin-right: 20px !important;margin-bottom: 20px !important;margin-left: 20px !important;padding-top: 20px !important;padding-right: 20px !important;padding-bottom: 20px !important;padding-left: 20px !important;background-color: #ffffff !important;}&#8220;][vc_column_text]\r\n<h3 class=\"custom-title\">DIE ROLLE DES TEMPORARY BUYERS:<\/h3>\r\n<ul>\r\n \t<li>Beschaffungsprozesse identifizieren, die mit den Kaufrichtlinien \u00fcbereinstimmen<\/li>\r\n \t<li>Beschaffungsprozesse innerhalb des Unternehmens koordinieren<\/li>\r\n \t<li>Suche und Verwaltung von Lieferanten in Bezug auf Lieferziele \/ Standards<\/li>\r\n \t<li>Verwalten der Verhandlungen, indem man Beschaffungszeiten optimiert und Ausschreibungen an Lieferanten verwalten<\/li>\r\n \t<li>Bewertung des Beschaffungsprozesses und des Kaufprozesses<\/li>\r\n \t<li>Ausarbeitung der Bewertung der Angebote und Wahl des besten Lieferanten:\r\n<ul>\r\n \t<li>Anfragen starten und bewerten<\/li>\r\n \t<li>Preisanalyse<\/li>\r\n \t<li>Verhandlungen<\/li>\r\n \t<li>Vertragsverhandlungen<\/li>\r\n<\/ul>\r\n<\/li>\r\n \t<li>Beziehungen zu internen Kunden und Lieferanten<\/li>\r\n \t<li>Analyse der besten Lagerverwaltung und Bestellungen nach Lieferant und Artikel<\/li>\r\n \t<li>Kontrolle von KPIs und Bewertungen von Lieferanten und Umsetzung von Korrekturma\u00dfnahmen<\/li>\r\n<\/ul>\r\n[\/vc_column_text][\/vc_column_inner][\/vc_row_inner][\/vc_column][\/vc_row][vc_row content_placement=&#8220;middle&#8220; pix_particles_check=&#8220;&#8220; css=&#8220;.vc_custom_1663769116113{margin-right: 10% !important;margin-left: 10% !important;background-color: #ddecd9 !important;}&#8220; el_class=&#8220;copy-image&#8220; el_id=&#8220;temp_chain_manager&#8220;][vc_column][vc_row_inner content_placement=&#8220;middle&#8220;][vc_column_inner el_class=&#8220;copy-image__image&#8220; width=&#8220;1\/4&#8243;][vc_single_image image=&#8220;13595&#8243; img_size=&#8220;full&#8220; alignment=&#8220;center&#8220;][vc_column_text el_class=&#8220;title&#8220;]\r\n<h3 class=\"title\">Temporary Supply Chain Manager<\/h3>\r\n[\/vc_column_text][\/vc_column_inner][vc_column_inner el_class=&#8220;copy-image__copy&#8220; width=&#8220;3\/4&#8243; css=&#8220;.vc_custom_1663769054264{margin-top: 20px !important;margin-right: 20px !important;margin-bottom: 20px !important;margin-left: 20px !important;padding-top: 20px !important;padding-right: 20px !important;padding-bottom: 20px !important;padding-left: 20px !important;background-color: #ffffff !important;}&#8220;][vc_column_text]\r\n<h3 class=\"custom-title\">DIE ROLLE DES TEMPORARY SUPPLY CHAIN MANAGERS:<\/h3>\r\n<ul>\r\n \t<li>Untersuchen oder aktualisieren der Lieferkettenbestimmungen in \u00dcbereinstimmung mit neuen umwelt- oder aufsichtsrechtlichen Richtlinien, Regeln, Vorschriften oder Gesetzen<\/li>\r\n \t<li>Erstellen von Supply-Chain-Modelle, um die Abl\u00e4ufe mit dem Kunden zu erleichtern<\/li>\r\n \t<li>Entwickeln von Prognosen zu Produkt- und Standardkosten sowie das Erstellen von spezifischem Budget<\/li>\r\n \t<li>Bewerten der notwendigen Ausr\u00fcstung f\u00fcr die Behandlung von Materialien und Arbeitskr\u00e4ften, um Materialien zu laden, zu entladen, zu bewegen oder zu lagern<\/li>\r\n \t<li>Bewerten der Produktionskapazit\u00e4t des Lieferanten durch Besuche und Kontrolle der Lieferantenleistung wie auch der Einhaltung der Qualit\u00e4ts- und Lieferanforderungen<\/li>\r\n \t<li>\u00dcberwachen von Prognosen und Quoten, um \u00c4nderungen zu identifizieren oder ihre Auswirkungen auf die Lieferkettenaktivit\u00e4ten zu ermitteln<\/li>\r\n \t<li>Implementierung neuer oder verbesserter Supply-Chain-Prozesse<\/li>\r\n \t<li>Verwalten von Verhandlungen, Preise und Konditionen mit Lieferanten, Distributoren oder Logistikunternehmen<\/li>\r\n \t<li>Analysieren von Inventarzahlen, um zu ermitteln wie der Lagerumschlag gesteigert, Verschwendung reduziert oder den Kundenservice optimiert werden kann<\/li>\r\n \t<li>An der Koordination von Produkt\u00e4nderungen, Produktlinienerweiterungen oder neuen Produkteinf\u00fchrungen teilnehmen, um reibungslose und zeitnahe \u00dcberg\u00e4nge im Material- oder Produktionsfluss zu gew\u00e4hrleisten<\/li>\r\n \t<li>Entwicklung von Verfahren zur Koordination des Supply-Chain-Managements mit anderen Funktionsbereichen wie Vertrieb, Marketing, Finanzen, Produktion oder Qualit\u00e4tssicherung<\/li>\r\n \t<li>Entwerfen oder Implementieren von Lieferketten, die Gesch\u00e4ftsstrategien unterst\u00fctzen, die an ver\u00e4nderte Marktbedingungen, neue Gesch\u00e4ftsm\u00f6glichkeiten oder Kostensenkungsstrategien angepasst sind.<\/li>\r\n<\/ul>\r\n[\/vc_column_text][\/vc_column_inner][\/vc_row_inner][\/vc_column][\/vc_row][vc_row content_placement=&#8220;middle&#8220; pix_particles_check=&#8220;&#8220; css=&#8220;.vc_custom_1663769127995{margin-right: 10% !important;margin-left: 10% !important;background-color: #bbd9b5 !important;}&#8220; el_class=&#8220;copy-image&#8220; el_id=&#8220;temp_logistic_manager&#8220;][vc_column][vc_row_inner content_placement=&#8220;middle&#8220;][vc_column_inner el_class=&#8220;copy-image__image&#8220; width=&#8220;1\/4&#8243;][vc_single_image image=&#8220;13860&#8243; img_size=&#8220;full&#8220; alignment=&#8220;center&#8220;][vc_column_text el_class=&#8220;title&#8220;]\r\n<h3 class=\"title white\">Temporary Logistics Manager<\/h3>\r\n[\/vc_column_text][\/vc_column_inner][vc_column_inner el_class=&#8220;copy-image__copy&#8220; width=&#8220;3\/4&#8243; css=&#8220;.vc_custom_1663769059816{margin-top: 20px !important;margin-right: 20px !important;margin-bottom: 20px !important;margin-left: 20px !important;padding-top: 20px !important;padding-right: 20px !important;padding-bottom: 20px !important;padding-left: 20px !important;background-color: #ffffff !important;}&#8220;][vc_column_text]\r\n<h3 class=\"custom-title\">DIE ROLLE DES TEMPORARY LOGISTICS MANAGERS:<\/h3>\r\n<ul>\r\n \t<li>Verwaltung von technischen Details im Zusammenhang mit nationalen und internationalen Transporten, Zollvorschriften, Kenntnis der Lieferkette, die Bed\u00fcrfnisse der Verwaltung dieser Art von Produkten<\/li>\r\n \t<li>Effiziente Bewertung von Transportkosten, Dienstleistungen und Lagerbest\u00e4nden sowie des Artikelumschlags im Lager. Auswahl von Transportwege, um die Wirtschaftlichkeit zu optimieren, indem Sie Sendungen kombiniert oder auf Lager-Ebene f\u00fcr die Distribution optimiert werden.<\/li>\r\n \t<li>\u00dcberarbeitung oder Erstellung von spezifischen Logistikvertr\u00e4gen f\u00fcr die erforderlichen L\u00f6sungen, inklusive eines Kostenbudgets<\/li>\r\n \t<li>Schaffen von L\u00f6sungen f\u00fcr Probleme, die beim Transport von Produkten vom Lieferanten zum Point-of-Sale auftreten k\u00f6nnen, einschlie\u00dflich Express-Lieferungen, um m\u00f6gliche Bestandsbr\u00fcche zu vermeiden. Organisation von Treffen und Kooperationen zwischen den verschiedenen Parteien, um gemeinsame L\u00f6sungen zu finden<\/li>\r\n \t<li>Aufbau von Beziehungen zu den Logistikunternehmen und enge Zusammenarbeit verschiedenen Transportunternehmen, um die bestm\u00f6gliche Qualit\u00e4t beim Schutz der Waren zu gew\u00e4hrleisten und die beste Qualit\u00e4t den Point of Sale gelieferten Produkts sicherzustellen<\/li>\r\n \t<li>Organisation der logistischen Abl\u00e4ufe im Unternehmen sowie die Verwaltung von Verfahren und Dokumentation, um die Verf\u00fcgbarkeit von Informationen und die Standardisierung der verschiedenen Verfahren zu gew\u00e4hrleisten.<\/li>\r\n<\/ul>\r\n[\/vc_column_text][\/vc_column_inner][\/vc_row_inner][\/vc_column][\/vc_row][vc_row content_placement=&#8220;middle&#8220; pix_particles_check=&#8220;&#8220; css=&#8220;.vc_custom_1663769143898{margin-right: 10% !important;margin-left: 10% !important;background-color: #7baa6e !important;}&#8220; el_class=&#8220;copy-image&#8220; el_id=&#8220;temp_project_manager&#8220;][vc_column][vc_row_inner content_placement=&#8220;middle&#8220;][vc_column_inner el_class=&#8220;copy-image__image&#8220; width=&#8220;1\/4&#8243;][vc_single_image image=&#8220;13872&#8243; img_size=&#8220;full&#8220; alignment=&#8220;center&#8220;][vc_column_text el_class=&#8220;title&#8220;]\r\n<h3 class=\"title white\">Temporary Project Manager<\/h3>\r\n[\/vc_column_text][\/vc_column_inner][vc_column_inner el_class=&#8220;copy-image__copy&#8220; width=&#8220;3\/4&#8243; css=&#8220;.vc_custom_1663769064528{margin-top: 20px !important;margin-right: 20px !important;margin-bottom: 20px !important;margin-left: 20px !important;padding-top: 20px !important;padding-right: 20px !important;padding-bottom: 20px !important;padding-left: 20px !important;background-color: #ffffff !important;}&#8220;][vc_column_text]\r\n<h3 class=\"custom-title\">DIE ROLLE DES TEMPORARY PROJECT MANAGERS:<\/h3>\r\n<ul>\r\n \t<li>Planung und Management von nationalen und internationalen Projekten im Bereich Beschaffung, Supply Chain Management und Logistik f\u00fcr Unternehmen zur Erstellung von L\u00f6sungen im Bereich Franchising oder f\u00fcr Equity-Firmen<\/li>\r\n \t<li>Management von Outsourcing-Projekten mit spezialisierten Logistikpartnern<\/li>\r\n \t<li>Evaluierung und Erstellung von One-Stop-Shopping-L\u00f6sungen in der gesamten Lieferkette<\/li>\r\n \t<li>Pr\u00e4sentation des Projekts in der Verwaltung des Kunden und kontinuierliche Aktualisierung mit den verschiedenen Phasen der Umsetzung des Projekts<\/li>\r\n<\/ul>\r\n[\/vc_column_text][\/vc_column_inner][\/vc_row_inner][\/vc_column][\/vc_row]","protected":false},"excerpt":{"rendered":"[vc_row content_placement=&#8220;middle&#8220; pix_particles_check=&#8220;&#8220; css=&#8220;.vc_custom_1663656058461{margin-top: 60px !important;margin-right: 10% !important;margin-left: 10% !important;}&#8220;][vc_column][vc_row_inner][vc_column_inner width=&#8220;1\/2&#8243;][vc_column_text] TEMPORARY MANAGEMENT SLM Business Consultancy S.R.L. bietet Dienstleistungen im Bereich des Temporary Managements f\u00fcr Kunden an, die f\u00fcr kurze oder lange Zeitr\u00e4ume flexible Unterst\u00fctzung im Unternehmen ben\u00f6tigen, denen sie&#8230;","protected":false},"author":1,"featured_media":13780,"parent":0,"menu_order":0,"comment_status":"closed","ping_status":"closed","template":"templates\/template-full-width.php","meta":{"_acf_changed":false,"footnotes":""},"class_list":["post-13797","page","type-page","status-publish","has-post-thumbnail","hentry"],"acf":[],"yoast_head":"<!-- This site is optimized with the Yoast SEO plugin v26.2 - https:\/\/yoast.com\/wordpress\/plugins\/seo\/ -->\n<title>Tempor\u00e4res Management | SLM<\/title>\n<meta name=\"description\" content=\"SLM bietet verschiedene Dienstleistungen f\u00fcr tempor\u00e4res Management an und unterst\u00fctzt Unternehmen mit flexiblen Experten.\" \/>\n<meta name=\"robots\" content=\"index, follow, max-snippet:-1, max-image-preview:large, max-video-preview:-1\" \/>\n<link rel=\"canonical\" href=\"https:\/\/slmbconsult.com\/de\/temporaeres-management\/\" \/>\n<meta property=\"og:locale\" content=\"de_DE\" \/>\n<meta property=\"og:type\" content=\"article\" \/>\n<meta property=\"og:title\" content=\"Tempor\u00e4res Management | SLM\" \/>\n<meta property=\"og:description\" content=\"SLM bietet verschiedene Dienstleistungen f\u00fcr tempor\u00e4res Management an und unterst\u00fctzt Unternehmen mit flexiblen Experten.\" \/>\n<meta property=\"og:url\" content=\"https:\/\/slmbconsult.com\/de\/temporaeres-management\/\" \/>\n<meta property=\"og:site_name\" content=\"slmbconsulting\" \/>\n<meta property=\"article:modified_time\" content=\"2022-09-27T07:31:55+00:00\" \/>\n<meta property=\"og:image\" content=\"https:\/\/slmbconsult.com\/wp-content\/uploads\/2022\/09\/head_network.jpg\" \/>\n\t<meta property=\"og:image:width\" content=\"2000\" \/>\n\t<meta property=\"og:image:height\" content=\"800\" \/>\n\t<meta property=\"og:image:type\" content=\"image\/jpeg\" \/>\n<meta name=\"twitter:card\" content=\"summary_large_image\" \/>\n<meta name=\"twitter:label1\" content=\"Gesch\u00e4tzte Lesezeit\" \/>\n\t<meta name=\"twitter:data1\" content=\"5\u00a0Minuten\" \/>\n<script type=\"application\/ld+json\" class=\"yoast-schema-graph\">{\"@context\":\"https:\/\/schema.org\",\"@graph\":[{\"@type\":\"WebPage\",\"@id\":\"https:\/\/slmbconsult.com\/de\/temporaeres-management\/\",\"url\":\"https:\/\/slmbconsult.com\/de\/temporaeres-management\/\",\"name\":\"Tempor\u00e4res Management | SLM\",\"isPartOf\":{\"@id\":\"https:\/\/slmbconsult.com\/#website\"},\"primaryImageOfPage\":{\"@id\":\"https:\/\/slmbconsult.com\/de\/temporaeres-management\/#primaryimage\"},\"image\":{\"@id\":\"https:\/\/slmbconsult.com\/de\/temporaeres-management\/#primaryimage\"},\"thumbnailUrl\":\"https:\/\/slmbconsult.com\/wp-content\/uploads\/2022\/09\/head_network.jpg\",\"datePublished\":\"2022-09-21T09:57:09+00:00\",\"dateModified\":\"2022-09-27T07:31:55+00:00\",\"description\":\"SLM bietet verschiedene Dienstleistungen f\u00fcr tempor\u00e4res Management an und unterst\u00fctzt Unternehmen mit flexiblen Experten.\",\"breadcrumb\":{\"@id\":\"https:\/\/slmbconsult.com\/de\/temporaeres-management\/#breadcrumb\"},\"inLanguage\":\"de\",\"potentialAction\":[{\"@type\":\"ReadAction\",\"target\":[\"https:\/\/slmbconsult.com\/de\/temporaeres-management\/\"]}]},{\"@type\":\"ImageObject\",\"inLanguage\":\"de\",\"@id\":\"https:\/\/slmbconsult.com\/de\/temporaeres-management\/#primaryimage\",\"url\":\"https:\/\/slmbconsult.com\/wp-content\/uploads\/2022\/09\/head_network.jpg\",\"contentUrl\":\"https:\/\/slmbconsult.com\/wp-content\/uploads\/2022\/09\/head_network.jpg\",\"width\":2000,\"height\":800},{\"@type\":\"BreadcrumbList\",\"@id\":\"https:\/\/slmbconsult.com\/de\/temporaeres-management\/#breadcrumb\",\"itemListElement\":[{\"@type\":\"ListItem\",\"position\":1,\"name\":\"Home\",\"item\":\"https:\/\/slmbconsult.com\/de\/\"},{\"@type\":\"ListItem\",\"position\":2,\"name\":\"Tempor\u00e4res Management\"}]},{\"@type\":\"WebSite\",\"@id\":\"https:\/\/slmbconsult.com\/#website\",\"url\":\"https:\/\/slmbconsult.com\/\",\"name\":\"slmbconsulting\",\"description\":\"Un nuovo sito targato WordPress\",\"potentialAction\":[{\"@type\":\"SearchAction\",\"target\":{\"@type\":\"EntryPoint\",\"urlTemplate\":\"https:\/\/slmbconsult.com\/?s={search_term_string}\"},\"query-input\":{\"@type\":\"PropertyValueSpecification\",\"valueRequired\":true,\"valueName\":\"search_term_string\"}}],\"inLanguage\":\"de\"}]}<\/script>\n<!-- \/ Yoast SEO plugin. -->","yoast_head_json":{"title":"Tempor\u00e4res Management | SLM","description":"SLM bietet verschiedene Dienstleistungen f\u00fcr tempor\u00e4res Management an und unterst\u00fctzt Unternehmen mit flexiblen Experten.","robots":{"index":"index","follow":"follow","max-snippet":"max-snippet:-1","max-image-preview":"max-image-preview:large","max-video-preview":"max-video-preview:-1"},"canonical":"https:\/\/slmbconsult.com\/de\/temporaeres-management\/","og_locale":"de_DE","og_type":"article","og_title":"Tempor\u00e4res Management | SLM","og_description":"SLM bietet verschiedene Dienstleistungen f\u00fcr tempor\u00e4res Management an und unterst\u00fctzt Unternehmen mit flexiblen Experten.","og_url":"https:\/\/slmbconsult.com\/de\/temporaeres-management\/","og_site_name":"slmbconsulting","article_modified_time":"2022-09-27T07:31:55+00:00","og_image":[{"width":2000,"height":800,"url":"https:\/\/slmbconsult.com\/wp-content\/uploads\/2022\/09\/head_network.jpg","type":"image\/jpeg"}],"twitter_card":"summary_large_image","twitter_misc":{"Gesch\u00e4tzte Lesezeit":"5\u00a0Minuten"},"schema":{"@context":"https:\/\/schema.org","@graph":[{"@type":"WebPage","@id":"https:\/\/slmbconsult.com\/de\/temporaeres-management\/","url":"https:\/\/slmbconsult.com\/de\/temporaeres-management\/","name":"Tempor\u00e4res Management | SLM","isPartOf":{"@id":"https:\/\/slmbconsult.com\/#website"},"primaryImageOfPage":{"@id":"https:\/\/slmbconsult.com\/de\/temporaeres-management\/#primaryimage"},"image":{"@id":"https:\/\/slmbconsult.com\/de\/temporaeres-management\/#primaryimage"},"thumbnailUrl":"https:\/\/slmbconsult.com\/wp-content\/uploads\/2022\/09\/head_network.jpg","datePublished":"2022-09-21T09:57:09+00:00","dateModified":"2022-09-27T07:31:55+00:00","description":"SLM bietet verschiedene Dienstleistungen f\u00fcr tempor\u00e4res Management an und unterst\u00fctzt Unternehmen mit flexiblen Experten.","breadcrumb":{"@id":"https:\/\/slmbconsult.com\/de\/temporaeres-management\/#breadcrumb"},"inLanguage":"de","potentialAction":[{"@type":"ReadAction","target":["https:\/\/slmbconsult.com\/de\/temporaeres-management\/"]}]},{"@type":"ImageObject","inLanguage":"de","@id":"https:\/\/slmbconsult.com\/de\/temporaeres-management\/#primaryimage","url":"https:\/\/slmbconsult.com\/wp-content\/uploads\/2022\/09\/head_network.jpg","contentUrl":"https:\/\/slmbconsult.com\/wp-content\/uploads\/2022\/09\/head_network.jpg","width":2000,"height":800},{"@type":"BreadcrumbList","@id":"https:\/\/slmbconsult.com\/de\/temporaeres-management\/#breadcrumb","itemListElement":[{"@type":"ListItem","position":1,"name":"Home","item":"https:\/\/slmbconsult.com\/de\/"},{"@type":"ListItem","position":2,"name":"Tempor\u00e4res Management"}]},{"@type":"WebSite","@id":"https:\/\/slmbconsult.com\/#website","url":"https:\/\/slmbconsult.com\/","name":"slmbconsulting","description":"Un nuovo sito targato WordPress","potentialAction":[{"@type":"SearchAction","target":{"@type":"EntryPoint","urlTemplate":"https:\/\/slmbconsult.com\/?s={search_term_string}"},"query-input":{"@type":"PropertyValueSpecification","valueRequired":true,"valueName":"search_term_string"}}],"inLanguage":"de"}]}},"_links":{"self":[{"href":"https:\/\/slmbconsult.com\/de\/wp-json\/wp\/v2\/pages\/13797","targetHints":{"allow":["GET"]}}],"collection":[{"href":"https:\/\/slmbconsult.com\/de\/wp-json\/wp\/v2\/pages"}],"about":[{"href":"https:\/\/slmbconsult.com\/de\/wp-json\/wp\/v2\/types\/page"}],"author":[{"embeddable":true,"href":"https:\/\/slmbconsult.com\/de\/wp-json\/wp\/v2\/users\/1"}],"replies":[{"embeddable":true,"href":"https:\/\/slmbconsult.com\/de\/wp-json\/wp\/v2\/comments?post=13797"}],"version-history":[{"count":35,"href":"https:\/\/slmbconsult.com\/de\/wp-json\/wp\/v2\/pages\/13797\/revisions"}],"predecessor-version":[{"id":14104,"href":"https:\/\/slmbconsult.com\/de\/wp-json\/wp\/v2\/pages\/13797\/revisions\/14104"}],"wp:featuredmedia":[{"embeddable":true,"href":"https:\/\/slmbconsult.com\/de\/wp-json\/wp\/v2\/media\/13780"}],"wp:attachment":[{"href":"https:\/\/slmbconsult.com\/de\/wp-json\/wp\/v2\/media?parent=13797"}],"curies":[{"name":"wp","href":"https:\/\/api.w.org\/{rel}","templated":true}]}}