


{"id":13777,"date":"2022-09-21T11:08:31","date_gmt":"2022-09-21T09:08:31","guid":{"rendered":"http:\/\/slmconsulting.switchapp.it\/?page_id=13777"},"modified":"2022-09-27T09:13:02","modified_gmt":"2022-09-27T07:13:02","slug":"netzwerk","status":"publish","type":"page","link":"https:\/\/slmbconsult.com\/de\/netzwerk\/","title":{"rendered":"Netzwerk"},"content":{"rendered":"[vc_row content_placement=&#8220;middle&#8220; pix_particles_check=&#8220;&#8220; css=&#8220;.vc_custom_1663656058461{margin-top: 60px !important;margin-right: 10% !important;margin-left: 10% !important;}&#8220;][vc_column][vc_row_inner][vc_column_inner width=&#8220;1\/2&#8243;][vc_column_text]\r\n<h3 class=\"custom-title\">IHR UNTERNEHMEN: DER PROTAGONIST DES EUROP\u00c4ISCHEN MARKTES.<\/h3>\r\n<p class=\"custom_style\">In einem zunehmend globalisierten Markt ist es wichtig, dass Unternehmen auf allen Ebenen wettbewerbsf\u00e4hig und bereit sind, sich den internationalen Herausforderungen zu stellen. Um heute in Europa pr\u00e4sent zu sein, muss der Handlungsspielraum auf eine Vielzahl potenzieller neuer Kunden und Gesch\u00e4ftspartner ausgeweitet werden.<\/p>\r\n<p class=\"custom_style\">SLM Business Consulting unterst\u00fctzt den Kunden bei der Entwicklung einer europ\u00e4ischen Unternehmensvision, die das richtige Netzwerk identifiziert, in dem Produktion und Einnahmen in einem transnationalen Kontext wachsen k\u00f6nnen.<\/p>\r\n[\/vc_column_text][\/vc_column_inner][vc_column_inner width=&#8220;1\/2&#8243;][vc_column_text]\r\n<h3 class=\"custom-title\">DAS EUROP\u00c4ISCHE NETZWERK: EINE KOSMOPOLITISCHE VISION<\/h3>\r\n<p class=\"custom_style\">SLM Business Consultancy S.R.L. bietet Firmen spezifische Dienstleistungen an, die auf dem europ\u00e4ischen Markt Fuss fassen m\u00f6chten. Durch unsere hohe Kompetenz in den Bereichen Einkauf, Logistik und Supply Chain Management kann der Kunde auf einen einzigen, profilierten Ansprechpartner mit umfassender Kenntnis der wichtigsten europ\u00e4ischen M\u00e4rkte z\u00e4hlen.<\/p>\r\n<p class=\"custom_style\">Unsere F\u00e4higkeit, starke Gesch\u00e4ftsbeziehungen innerhalb eines gro\u00dfen europ\u00e4ischen Netzwerks aufzubauen, beruht auf einer langfristigen Zusammenarbeit mit Partnern und Beratern, die in den wichtigsten EU-L\u00e4ndern t\u00e4tig sind.<\/p>\r\n<p class=\"custom_style\">Wir haben eine kosmopolitische und gemeinschaftliche Unternehmensvision entwickelt: Unsere St\u00e4rke besteht darin, auf ein virtuelles Netzwerk von Spezialisten z\u00e4hlen zu k\u00f6nnen, die den Unternehmen, die internationale Produkte und Dienstleistungen entwickeln und exportieren m\u00f6chten, kompetent zur Seite zu stehen.<\/p>\r\n[\/vc_column_text][\/vc_column_inner][\/vc_row_inner][vc_row_inner][vc_column_inner width=&#8220;1\/2&#8243;][vc_column_text]\r\n<p class=\"custom_style\">Wir sind in folgenden L\u00e4ndern t\u00e4tig:<\/p>\r\n[\/vc_column_text][\/vc_column_inner][vc_column_inner width=&#8220;1\/2&#8243;][\/vc_column_inner][\/vc_row_inner][\/vc_column][\/vc_row][vc_row pix_particles_check=&#8220;&#8220; css=&#8220;.vc_custom_1663751355777{margin-right: 10% !important;margin-left: 10% !important;}&#8220;][vc_column][vc_single_image image=&#8220;13781&#8243; img_size=&#8220;full&#8220; alignment=&#8220;center&#8220;][\/vc_column][\/vc_row]","protected":false},"excerpt":{"rendered":"[vc_row content_placement=&#8220;middle&#8220; pix_particles_check=&#8220;&#8220; css=&#8220;.vc_custom_1663656058461{margin-top: 60px !important;margin-right: 10% !important;margin-left: 10% !important;}&#8220;][vc_column][vc_row_inner][vc_column_inner width=&#8220;1\/2&#8243;][vc_column_text] IHR UNTERNEHMEN: DER PROTAGONIST DES EUROP\u00c4ISCHEN MARKTES. In einem zunehmend globalisierten Markt ist es wichtig, dass Unternehmen auf allen Ebenen wettbewerbsf\u00e4hig und bereit sind, sich den internationalen Herausforderungen zu&#8230;","protected":false},"author":1,"featured_media":13780,"parent":0,"menu_order":0,"comment_status":"closed","ping_status":"closed","template":"templates\/template-full-width.php","meta":{"_acf_changed":false,"footnotes":""},"class_list":["post-13777","page","type-page","status-publish","has-post-thumbnail","hentry"],"acf":[],"yoast_head":"<!-- This site is optimized with the Yoast SEO plugin v26.2 - https:\/\/yoast.com\/wordpress\/plugins\/seo\/ -->\n<title>Network | SLM<\/title>\n<meta name=\"description\" content=\"Network\" \/>\n<meta name=\"robots\" content=\"index, follow, max-snippet:-1, max-image-preview:large, max-video-preview:-1\" \/>\n<link rel=\"canonical\" href=\"https:\/\/slmbconsult.com\/de\/netzwerk\/\" \/>\n<meta property=\"og:locale\" content=\"de_DE\" \/>\n<meta property=\"og:type\" content=\"article\" \/>\n<meta property=\"og:title\" content=\"Network | SLM\" \/>\n<meta property=\"og:description\" content=\"Network\" \/>\n<meta property=\"og:url\" content=\"https:\/\/slmbconsult.com\/de\/netzwerk\/\" \/>\n<meta property=\"og:site_name\" content=\"slmbconsulting\" \/>\n<meta property=\"article:modified_time\" content=\"2022-09-27T07:13:02+00:00\" \/>\n<meta property=\"og:image\" content=\"https:\/\/slmbconsult.com\/wp-content\/uploads\/2022\/09\/head_network.jpg\" \/>\n\t<meta property=\"og:image:width\" content=\"2000\" \/>\n\t<meta property=\"og:image:height\" content=\"800\" \/>\n\t<meta property=\"og:image:type\" content=\"image\/jpeg\" \/>\n<meta name=\"twitter:card\" content=\"summary_large_image\" \/>\n<meta name=\"twitter:label1\" content=\"Gesch\u00e4tzte Lesezeit\" \/>\n\t<meta name=\"twitter:data1\" content=\"2\u00a0Minuten\" \/>\n<script type=\"application\/ld+json\" class=\"yoast-schema-graph\">{\"@context\":\"https:\/\/schema.org\",\"@graph\":[{\"@type\":\"WebPage\",\"@id\":\"https:\/\/slmbconsult.com\/de\/netzwerk\/\",\"url\":\"https:\/\/slmbconsult.com\/de\/netzwerk\/\",\"name\":\"Network | SLM\",\"isPartOf\":{\"@id\":\"https:\/\/slmbconsult.com\/#website\"},\"primaryImageOfPage\":{\"@id\":\"https:\/\/slmbconsult.com\/de\/netzwerk\/#primaryimage\"},\"image\":{\"@id\":\"https:\/\/slmbconsult.com\/de\/netzwerk\/#primaryimage\"},\"thumbnailUrl\":\"https:\/\/slmbconsult.com\/wp-content\/uploads\/2022\/09\/head_network.jpg\",\"datePublished\":\"2022-09-21T09:08:31+00:00\",\"dateModified\":\"2022-09-27T07:13:02+00:00\",\"description\":\"Network\",\"breadcrumb\":{\"@id\":\"https:\/\/slmbconsult.com\/de\/netzwerk\/#breadcrumb\"},\"inLanguage\":\"de\",\"potentialAction\":[{\"@type\":\"ReadAction\",\"target\":[\"https:\/\/slmbconsult.com\/de\/netzwerk\/\"]}]},{\"@type\":\"ImageObject\",\"inLanguage\":\"de\",\"@id\":\"https:\/\/slmbconsult.com\/de\/netzwerk\/#primaryimage\",\"url\":\"https:\/\/slmbconsult.com\/wp-content\/uploads\/2022\/09\/head_network.jpg\",\"contentUrl\":\"https:\/\/slmbconsult.com\/wp-content\/uploads\/2022\/09\/head_network.jpg\",\"width\":2000,\"height\":800},{\"@type\":\"BreadcrumbList\",\"@id\":\"https:\/\/slmbconsult.com\/de\/netzwerk\/#breadcrumb\",\"itemListElement\":[{\"@type\":\"ListItem\",\"position\":1,\"name\":\"Home\",\"item\":\"https:\/\/slmbconsult.com\/de\/\"},{\"@type\":\"ListItem\",\"position\":2,\"name\":\"Netzwerk\"}]},{\"@type\":\"WebSite\",\"@id\":\"https:\/\/slmbconsult.com\/#website\",\"url\":\"https:\/\/slmbconsult.com\/\",\"name\":\"slmbconsulting\",\"description\":\"Un nuovo sito targato WordPress\",\"potentialAction\":[{\"@type\":\"SearchAction\",\"target\":{\"@type\":\"EntryPoint\",\"urlTemplate\":\"https:\/\/slmbconsult.com\/?s={search_term_string}\"},\"query-input\":{\"@type\":\"PropertyValueSpecification\",\"valueRequired\":true,\"valueName\":\"search_term_string\"}}],\"inLanguage\":\"de\"}]}<\/script>\n<!-- \/ Yoast SEO plugin. -->","yoast_head_json":{"title":"Network | SLM","description":"Network","robots":{"index":"index","follow":"follow","max-snippet":"max-snippet:-1","max-image-preview":"max-image-preview:large","max-video-preview":"max-video-preview:-1"},"canonical":"https:\/\/slmbconsult.com\/de\/netzwerk\/","og_locale":"de_DE","og_type":"article","og_title":"Network | SLM","og_description":"Network","og_url":"https:\/\/slmbconsult.com\/de\/netzwerk\/","og_site_name":"slmbconsulting","article_modified_time":"2022-09-27T07:13:02+00:00","og_image":[{"width":2000,"height":800,"url":"https:\/\/slmbconsult.com\/wp-content\/uploads\/2022\/09\/head_network.jpg","type":"image\/jpeg"}],"twitter_card":"summary_large_image","twitter_misc":{"Gesch\u00e4tzte Lesezeit":"2\u00a0Minuten"},"schema":{"@context":"https:\/\/schema.org","@graph":[{"@type":"WebPage","@id":"https:\/\/slmbconsult.com\/de\/netzwerk\/","url":"https:\/\/slmbconsult.com\/de\/netzwerk\/","name":"Network | SLM","isPartOf":{"@id":"https:\/\/slmbconsult.com\/#website"},"primaryImageOfPage":{"@id":"https:\/\/slmbconsult.com\/de\/netzwerk\/#primaryimage"},"image":{"@id":"https:\/\/slmbconsult.com\/de\/netzwerk\/#primaryimage"},"thumbnailUrl":"https:\/\/slmbconsult.com\/wp-content\/uploads\/2022\/09\/head_network.jpg","datePublished":"2022-09-21T09:08:31+00:00","dateModified":"2022-09-27T07:13:02+00:00","description":"Network","breadcrumb":{"@id":"https:\/\/slmbconsult.com\/de\/netzwerk\/#breadcrumb"},"inLanguage":"de","potentialAction":[{"@type":"ReadAction","target":["https:\/\/slmbconsult.com\/de\/netzwerk\/"]}]},{"@type":"ImageObject","inLanguage":"de","@id":"https:\/\/slmbconsult.com\/de\/netzwerk\/#primaryimage","url":"https:\/\/slmbconsult.com\/wp-content\/uploads\/2022\/09\/head_network.jpg","contentUrl":"https:\/\/slmbconsult.com\/wp-content\/uploads\/2022\/09\/head_network.jpg","width":2000,"height":800},{"@type":"BreadcrumbList","@id":"https:\/\/slmbconsult.com\/de\/netzwerk\/#breadcrumb","itemListElement":[{"@type":"ListItem","position":1,"name":"Home","item":"https:\/\/slmbconsult.com\/de\/"},{"@type":"ListItem","position":2,"name":"Netzwerk"}]},{"@type":"WebSite","@id":"https:\/\/slmbconsult.com\/#website","url":"https:\/\/slmbconsult.com\/","name":"slmbconsulting","description":"Un nuovo sito targato WordPress","potentialAction":[{"@type":"SearchAction","target":{"@type":"EntryPoint","urlTemplate":"https:\/\/slmbconsult.com\/?s={search_term_string}"},"query-input":{"@type":"PropertyValueSpecification","valueRequired":true,"valueName":"search_term_string"}}],"inLanguage":"de"}]}},"_links":{"self":[{"href":"https:\/\/slmbconsult.com\/de\/wp-json\/wp\/v2\/pages\/13777","targetHints":{"allow":["GET"]}}],"collection":[{"href":"https:\/\/slmbconsult.com\/de\/wp-json\/wp\/v2\/pages"}],"about":[{"href":"https:\/\/slmbconsult.com\/de\/wp-json\/wp\/v2\/types\/page"}],"author":[{"embeddable":true,"href":"https:\/\/slmbconsult.com\/de\/wp-json\/wp\/v2\/users\/1"}],"replies":[{"embeddable":true,"href":"https:\/\/slmbconsult.com\/de\/wp-json\/wp\/v2\/comments?post=13777"}],"version-history":[{"count":5,"href":"https:\/\/slmbconsult.com\/de\/wp-json\/wp\/v2\/pages\/13777\/revisions"}],"predecessor-version":[{"id":14101,"href":"https:\/\/slmbconsult.com\/de\/wp-json\/wp\/v2\/pages\/13777\/revisions\/14101"}],"wp:featuredmedia":[{"embeddable":true,"href":"https:\/\/slmbconsult.com\/de\/wp-json\/wp\/v2\/media\/13780"}],"wp:attachment":[{"href":"https:\/\/slmbconsult.com\/de\/wp-json\/wp\/v2\/media?parent=13777"}],"curies":[{"name":"wp","href":"https:\/\/api.w.org\/{rel}","templated":true}]}}