


{"id":13746,"date":"2022-09-21T10:58:43","date_gmt":"2022-09-21T08:58:43","guid":{"rendered":"http:\/\/slmconsulting.switchapp.it\/?page_id=13746"},"modified":"2022-09-27T09:12:19","modified_gmt":"2022-09-27T07:12:19","slug":"firmenmitarbeiter","status":"publish","type":"page","link":"https:\/\/slmbconsult.com\/de\/firmenmitarbeiter\/","title":{"rendered":"Firmenmitarbeiter"},"content":{"rendered":"[vc_row content_placement=&#8220;middle&#8220; pix_particles_check=&#8220;&#8220; css=&#8220;.vc_custom_1663656058461{margin-top: 60px !important;margin-right: 10% !important;margin-left: 10% !important;}&#8220;][vc_column][vc_row_inner][vc_column_inner width=&#8220;2\/3&#8243;][vc_column_text]\r\n<h3 class=\"custom-title\">DENISE ZUCCO<\/h3>\r\n<p class=\"custom_style\">DZeta Consulting unterst\u00fctzt Unternehmen bei der Expansion ihres Gesch\u00e4fts auf ausl\u00e4ndischen M\u00e4rkten und bietet gezielte, effektive und konkrete L\u00f6sungen an.<\/p>\r\n<p class=\"custom_style\">Unsere Aufgabe ist es, Unternehmen durch eine tempor\u00e4re Management-T\u00e4tigkeit zu beraten und dabei integrierte und flexible L\u00f6sungen f\u00fcr gesch\u00e4ftliche Anforderungen zu gew\u00e4hrleisten.<\/p>\r\n<p class=\"custom_style\">Die angebotenen Dienstleistungen betreffen Projekte zur Evaluierung und Entwicklung von Export- oder Logistikaktivit\u00e4ten und L\u00f6sungen zur Unterst\u00fctzung der Franchising-Konzepte.<\/p>\r\n<p class=\"custom_style\">Insbesondere wenden wir uns an Franchise-Unternehmen mit dem Ziel der Internationalisierung und Expansion auf ausl\u00e4ndischen M\u00e4rkten.<\/p>\r\n<a href=\"https:\/\/www.dzetaconsulting.com\" target=\"_blank\" rel=\"noopener\">https:\/\/www.dzetaconsulting.com<\/a>[\/vc_column_text][vc_single_image image=&#8220;13750&#8243; img_size=&#8220;medium&#8220; alignment=&#8220;center&#8220; onclick=&#8220;custom_link&#8220; img_link_target=&#8220;_blank&#8220; link=&#8220;https:\/\/www.dzetaconsulting.com&#8220;][\/vc_column_inner][vc_column_inner width=&#8220;1\/3&#8243;][vc_single_image image=&#8220;13747&#8243; img_size=&#8220;full&#8220; onclick=&#8220;custom_link&#8220; img_link_target=&#8220;_blank&#8220; link=&#8220;https:\/\/www.dzetaconsulting.com&#8220;][\/vc_column_inner][\/vc_row_inner][\/vc_column][\/vc_row][vc_row content_placement=&#8220;middle&#8220; pix_particles_check=&#8220;&#8220; css=&#8220;.vc_custom_1663656058461{margin-top: 60px !important;margin-right: 10% !important;margin-left: 10% !important;}&#8220;][vc_column][vc_row_inner][vc_column_inner width=&#8220;2\/3&#8243;][vc_column_text]\r\n<h3 class=\"custom-title\">MATJAZ PLAUSTEINER<\/h3>\r\n<p class=\"custom_style\">Als unabh\u00e4ngiger Berater bietet Matjaz Plausteiner seine Dienstleistungen in den Bereichen Food &amp; Beverage, HORECA und Legal an.<\/p>\r\n<p class=\"custom_style\">Mit Erfahrungen in verschiedenen Unternehmen wie Kompas (Tourismusindustrie), Entwicklung des Franchising-Netzwerks f\u00fcr McDonald`s, Burger King, Pizza Hut, KFC, Starbucks Coffee oder La Tagliatella, besitzt er eine breite Erfahrung im Bereich HORECA.<\/p>\r\n<p class=\"custom_style\">Er hat das slowenische Gastronik-Unternehmen auch erfolgreich als Gesch\u00e4ftsf\u00fchrer mit verschiedenen Marken gef\u00fchrt (Burger King, Coffee Shop Company, Hotels Bled).<\/p>\r\n<a href=\"\/\" target=\"_blank\" rel=\"noopener\">https:\/\/www.slmbconsult.com<\/a>[\/vc_column_text][vc_single_image image=&#8220;13420&#8243; img_size=&#8220;medium&#8220; alignment=&#8220;center&#8220; onclick=&#8220;custom_link&#8220; img_link_target=&#8220;_blank&#8220; link=&#8220;https:\/\/www.slmbconsult.com&#8220;][\/vc_column_inner][vc_column_inner width=&#8220;1\/3&#8243;][vc_single_image image=&#8220;13753&#8243; img_size=&#8220;full&#8220; onclick=&#8220;custom_link&#8220; img_link_target=&#8220;_blank&#8220; link=&#8220;https:\/\/www.slmbconsult.com&#8220;][\/vc_column_inner][\/vc_row_inner][\/vc_column][\/vc_row][vc_row content_placement=&#8220;middle&#8220; pix_particles_check=&#8220;&#8220; css=&#8220;.vc_custom_1663656058461{margin-top: 60px !important;margin-right: 10% !important;margin-left: 10% !important;}&#8220;][vc_column][vc_row_inner][vc_column_inner width=&#8220;2\/3&#8243;][vc_column_text]\r\n<h3 class=\"custom-title\">CHIARA PARAZZINI<\/h3>\r\n<p class=\"custom_style\">Chiara Parazzini ist eine Projektmanagerin mit langj\u00e4hriger Erfahrung in Italien und im Ausland im Bereich Personalmanagement, hat Unternehmensabl\u00e4ufe und -regelungen geschrieben, Organigramme erstellt und Arbeitsgruppen geleitet.<\/p>\r\n<p class=\"custom_style\">Mit einer umfassenden Erfahrung im Management von Personalauswahl, Training und Engagement ist Chiara auch an der Verbreitung von Kulturen, Werten und Gesch\u00e4ftszielen im Personalmanagement beteiligt.<\/p>\r\n<p class=\"custom_style\">In der Vergangenheit leitete sie Gesch\u00e4fte, Unternehmensabteilungen und gro\u00dfe Einzelhandelsprojekte, die sich mit Managerschulungen, Veranstaltungsorganisation, Personalkoordination und der Er\u00f6ffnung neuer Stores befassten. Zuletzt hielt sie auch Vortr\u00e4ge zur Unternehmenskommunikation, im Klassenzimmer und im Internet.<\/p>\r\n<a href=\"\/\" target=\"_blank\" rel=\"noopener\">https:\/\/www.slmbconsult.com<\/a>[\/vc_column_text][vc_single_image image=&#8220;13420&#8243; img_size=&#8220;medium&#8220; alignment=&#8220;center&#8220; onclick=&#8220;custom_link&#8220; img_link_target=&#8220;_blank&#8220; link=&#8220;https:\/\/www.slmbconsult.com&#8220;][\/vc_column_inner][vc_column_inner width=&#8220;1\/3&#8243;][vc_single_image image=&#8220;13760&#8243; img_size=&#8220;full&#8220; onclick=&#8220;custom_link&#8220; img_link_target=&#8220;_blank&#8220; link=&#8220;https:\/\/www.slmbconsult.com&#8220;][\/vc_column_inner][\/vc_row_inner][\/vc_column][\/vc_row]","protected":false},"excerpt":{"rendered":"[vc_row content_placement=&#8220;middle&#8220; pix_particles_check=&#8220;&#8220; css=&#8220;.vc_custom_1663656058461{margin-top: 60px !important;margin-right: 10% !important;margin-left: 10% !important;}&#8220;][vc_column][vc_row_inner][vc_column_inner width=&#8220;2\/3&#8243;][vc_column_text] DENISE ZUCCO DZeta Consulting unterst\u00fctzt Unternehmen bei der Expansion ihres Gesch\u00e4fts auf ausl\u00e4ndischen M\u00e4rkten und bietet gezielte, effektive und konkrete L\u00f6sungen an. Unsere Aufgabe ist es, Unternehmen durch eine&#8230;","protected":false},"author":1,"featured_media":13658,"parent":0,"menu_order":0,"comment_status":"closed","ping_status":"closed","template":"templates\/template-full-width.php","meta":{"_acf_changed":false,"footnotes":""},"class_list":["post-13746","page","type-page","status-publish","has-post-thumbnail","hentry"],"acf":[],"yoast_head":"<!-- This site is optimized with the Yoast SEO plugin v26.2 - https:\/\/yoast.com\/wordpress\/plugins\/seo\/ -->\n<title>Firmenmitarbeiter | SLM<\/title>\n<meta name=\"description\" content=\"Firmenmitarbeiter\" \/>\n<meta name=\"robots\" content=\"index, follow, max-snippet:-1, max-image-preview:large, max-video-preview:-1\" \/>\n<link rel=\"canonical\" href=\"https:\/\/slmbconsult.com\/de\/firmenmitarbeiter\/\" \/>\n<meta property=\"og:locale\" content=\"de_DE\" \/>\n<meta property=\"og:type\" content=\"article\" \/>\n<meta property=\"og:title\" content=\"Firmenmitarbeiter | SLM\" \/>\n<meta property=\"og:description\" content=\"Firmenmitarbeiter\" \/>\n<meta property=\"og:url\" content=\"https:\/\/slmbconsult.com\/de\/firmenmitarbeiter\/\" \/>\n<meta property=\"og:site_name\" content=\"slmbconsulting\" \/>\n<meta property=\"article:modified_time\" content=\"2022-09-27T07:12:19+00:00\" \/>\n<meta property=\"og:image\" content=\"https:\/\/slmbconsult.com\/wp-content\/uploads\/2022\/09\/img_slide_3.jpg\" \/>\n\t<meta property=\"og:image:width\" content=\"2000\" \/>\n\t<meta property=\"og:image:height\" content=\"800\" \/>\n\t<meta property=\"og:image:type\" content=\"image\/jpeg\" \/>\n<meta name=\"twitter:card\" content=\"summary_large_image\" \/>\n<meta name=\"twitter:label1\" content=\"Gesch\u00e4tzte Lesezeit\" \/>\n\t<meta name=\"twitter:data1\" content=\"2\u00a0Minuten\" \/>\n<script type=\"application\/ld+json\" class=\"yoast-schema-graph\">{\"@context\":\"https:\/\/schema.org\",\"@graph\":[{\"@type\":\"WebPage\",\"@id\":\"https:\/\/slmbconsult.com\/de\/firmenmitarbeiter\/\",\"url\":\"https:\/\/slmbconsult.com\/de\/firmenmitarbeiter\/\",\"name\":\"Firmenmitarbeiter | SLM\",\"isPartOf\":{\"@id\":\"https:\/\/slmbconsult.com\/#website\"},\"primaryImageOfPage\":{\"@id\":\"https:\/\/slmbconsult.com\/de\/firmenmitarbeiter\/#primaryimage\"},\"image\":{\"@id\":\"https:\/\/slmbconsult.com\/de\/firmenmitarbeiter\/#primaryimage\"},\"thumbnailUrl\":\"https:\/\/slmbconsult.com\/wp-content\/uploads\/2022\/09\/img_slide_3.jpg\",\"datePublished\":\"2022-09-21T08:58:43+00:00\",\"dateModified\":\"2022-09-27T07:12:19+00:00\",\"description\":\"Firmenmitarbeiter\",\"breadcrumb\":{\"@id\":\"https:\/\/slmbconsult.com\/de\/firmenmitarbeiter\/#breadcrumb\"},\"inLanguage\":\"de\",\"potentialAction\":[{\"@type\":\"ReadAction\",\"target\":[\"https:\/\/slmbconsult.com\/de\/firmenmitarbeiter\/\"]}]},{\"@type\":\"ImageObject\",\"inLanguage\":\"de\",\"@id\":\"https:\/\/slmbconsult.com\/de\/firmenmitarbeiter\/#primaryimage\",\"url\":\"https:\/\/slmbconsult.com\/wp-content\/uploads\/2022\/09\/img_slide_3.jpg\",\"contentUrl\":\"https:\/\/slmbconsult.com\/wp-content\/uploads\/2022\/09\/img_slide_3.jpg\",\"width\":2000,\"height\":800},{\"@type\":\"BreadcrumbList\",\"@id\":\"https:\/\/slmbconsult.com\/de\/firmenmitarbeiter\/#breadcrumb\",\"itemListElement\":[{\"@type\":\"ListItem\",\"position\":1,\"name\":\"Home\",\"item\":\"https:\/\/slmbconsult.com\/de\/\"},{\"@type\":\"ListItem\",\"position\":2,\"name\":\"Firmenmitarbeiter\"}]},{\"@type\":\"WebSite\",\"@id\":\"https:\/\/slmbconsult.com\/#website\",\"url\":\"https:\/\/slmbconsult.com\/\",\"name\":\"slmbconsulting\",\"description\":\"Un nuovo sito targato WordPress\",\"potentialAction\":[{\"@type\":\"SearchAction\",\"target\":{\"@type\":\"EntryPoint\",\"urlTemplate\":\"https:\/\/slmbconsult.com\/?s={search_term_string}\"},\"query-input\":{\"@type\":\"PropertyValueSpecification\",\"valueRequired\":true,\"valueName\":\"search_term_string\"}}],\"inLanguage\":\"de\"}]}<\/script>\n<!-- \/ Yoast SEO plugin. -->","yoast_head_json":{"title":"Firmenmitarbeiter | SLM","description":"Firmenmitarbeiter","robots":{"index":"index","follow":"follow","max-snippet":"max-snippet:-1","max-image-preview":"max-image-preview:large","max-video-preview":"max-video-preview:-1"},"canonical":"https:\/\/slmbconsult.com\/de\/firmenmitarbeiter\/","og_locale":"de_DE","og_type":"article","og_title":"Firmenmitarbeiter | SLM","og_description":"Firmenmitarbeiter","og_url":"https:\/\/slmbconsult.com\/de\/firmenmitarbeiter\/","og_site_name":"slmbconsulting","article_modified_time":"2022-09-27T07:12:19+00:00","og_image":[{"width":2000,"height":800,"url":"https:\/\/slmbconsult.com\/wp-content\/uploads\/2022\/09\/img_slide_3.jpg","type":"image\/jpeg"}],"twitter_card":"summary_large_image","twitter_misc":{"Gesch\u00e4tzte Lesezeit":"2\u00a0Minuten"},"schema":{"@context":"https:\/\/schema.org","@graph":[{"@type":"WebPage","@id":"https:\/\/slmbconsult.com\/de\/firmenmitarbeiter\/","url":"https:\/\/slmbconsult.com\/de\/firmenmitarbeiter\/","name":"Firmenmitarbeiter | SLM","isPartOf":{"@id":"https:\/\/slmbconsult.com\/#website"},"primaryImageOfPage":{"@id":"https:\/\/slmbconsult.com\/de\/firmenmitarbeiter\/#primaryimage"},"image":{"@id":"https:\/\/slmbconsult.com\/de\/firmenmitarbeiter\/#primaryimage"},"thumbnailUrl":"https:\/\/slmbconsult.com\/wp-content\/uploads\/2022\/09\/img_slide_3.jpg","datePublished":"2022-09-21T08:58:43+00:00","dateModified":"2022-09-27T07:12:19+00:00","description":"Firmenmitarbeiter","breadcrumb":{"@id":"https:\/\/slmbconsult.com\/de\/firmenmitarbeiter\/#breadcrumb"},"inLanguage":"de","potentialAction":[{"@type":"ReadAction","target":["https:\/\/slmbconsult.com\/de\/firmenmitarbeiter\/"]}]},{"@type":"ImageObject","inLanguage":"de","@id":"https:\/\/slmbconsult.com\/de\/firmenmitarbeiter\/#primaryimage","url":"https:\/\/slmbconsult.com\/wp-content\/uploads\/2022\/09\/img_slide_3.jpg","contentUrl":"https:\/\/slmbconsult.com\/wp-content\/uploads\/2022\/09\/img_slide_3.jpg","width":2000,"height":800},{"@type":"BreadcrumbList","@id":"https:\/\/slmbconsult.com\/de\/firmenmitarbeiter\/#breadcrumb","itemListElement":[{"@type":"ListItem","position":1,"name":"Home","item":"https:\/\/slmbconsult.com\/de\/"},{"@type":"ListItem","position":2,"name":"Firmenmitarbeiter"}]},{"@type":"WebSite","@id":"https:\/\/slmbconsult.com\/#website","url":"https:\/\/slmbconsult.com\/","name":"slmbconsulting","description":"Un nuovo sito targato WordPress","potentialAction":[{"@type":"SearchAction","target":{"@type":"EntryPoint","urlTemplate":"https:\/\/slmbconsult.com\/?s={search_term_string}"},"query-input":{"@type":"PropertyValueSpecification","valueRequired":true,"valueName":"search_term_string"}}],"inLanguage":"de"}]}},"_links":{"self":[{"href":"https:\/\/slmbconsult.com\/de\/wp-json\/wp\/v2\/pages\/13746","targetHints":{"allow":["GET"]}}],"collection":[{"href":"https:\/\/slmbconsult.com\/de\/wp-json\/wp\/v2\/pages"}],"about":[{"href":"https:\/\/slmbconsult.com\/de\/wp-json\/wp\/v2\/types\/page"}],"author":[{"embeddable":true,"href":"https:\/\/slmbconsult.com\/de\/wp-json\/wp\/v2\/users\/1"}],"replies":[{"embeddable":true,"href":"https:\/\/slmbconsult.com\/de\/wp-json\/wp\/v2\/comments?post=13746"}],"version-history":[{"count":7,"href":"https:\/\/slmbconsult.com\/de\/wp-json\/wp\/v2\/pages\/13746\/revisions"}],"predecessor-version":[{"id":14062,"href":"https:\/\/slmbconsult.com\/de\/wp-json\/wp\/v2\/pages\/13746\/revisions\/14062"}],"wp:featuredmedia":[{"embeddable":true,"href":"https:\/\/slmbconsult.com\/de\/wp-json\/wp\/v2\/media\/13658"}],"wp:attachment":[{"href":"https:\/\/slmbconsult.com\/de\/wp-json\/wp\/v2\/media?parent=13746"}],"curies":[{"name":"wp","href":"https:\/\/api.w.org\/{rel}","templated":true}]}}