


{"id":13649,"date":"2022-09-20T15:48:37","date_gmt":"2022-09-20T13:48:37","guid":{"rendered":"http:\/\/slmconsulting.switchapp.it\/?page_id=13649"},"modified":"2023-05-10T09:44:26","modified_gmt":"2023-05-10T07:44:26","slug":"s-madile","status":"publish","type":"page","link":"https:\/\/slmbconsult.com\/de\/s-madile\/","title":{"rendered":"S. Madile"},"content":{"rendered":"<p>[vc_row content_placement=&#8220;middle&#8220; pix_particles_check=&#8220;&#8220; css=&#8220;.vc_custom_1663656058461{margin-top: 60px !important;margin-right: 10% !important;margin-left: 10% !important;}&#8220;][vc_column][vc_row_inner][vc_column_inner width=&#8220;2\/3&#8243;][vc_column_text]<\/p>\r\n<h3 class=\"custom-title\">\u00dcBER UNS<\/h3>\r\n<p class=\"custom_style\">SLM Business Consultancy S.R.L. ist eine Beratungsfirma, die von Stefano Madile gegr\u00fcndet wurde, einem Manager mit bedeutender Managementerfahrung in multinationalen Unternehmen. Das Unternehmen zeichnet sich durch eine gro\u00dfe Expertise in Logistik und Supply Chain Management von L\u00f6sungen aus.<\/p>\r\n<p class=\"custom_style\">Die langj\u00e4hrige Erfahrung im QSR-Franchising und in der Supply-Chain-Logistik hat es dem Unternehmen erm\u00f6glicht, Kenntnisse und F\u00e4higkeiten zu entwickeln, die den professionellen Anforderungen der Unternehmen in den Bereichen Food, Beverage, Near \/ Non Food gerecht werden.<\/p>\r\n<p class=\"custom_style\">SLM Business Consultancy S.R.L. ist stark auf die Probleml\u00f6sung und Umsetzung der besten Strategien zur Optimierung der Supply Chain ausgerichtet; Die Entwicklung und das Wachstum ambitionierter internationaler Projekte ist eine interessante Herausforderung.<\/p>\r\n<p>[\/vc_column_text][\/vc_column_inner][vc_column_inner width=&#8220;1\/3&#8243;][vc_single_image image=&#8220;14213&#8243; img_size=&#8220;full&#8220;][\/vc_column_inner][\/vc_row_inner][vc_row_inner][vc_column_inner width=&#8220;2\/3&#8243;][vc_column_text]<\/p>\r\n<p class=\"custom_style\"><strong>Kompetenzen:<\/strong><\/p>\r\n<p class=\"custom_style\">Kenntnisse in 4 Sprachen: Italienisch, Englisch, Franz\u00f6sisch, Deutsch;<\/p>\r\n<p class=\"custom_style\">Exzellente Kommunikationsf\u00e4higkeiten;<\/p>\r\n<p class=\"custom_style\">Internationale Vernetzung mit Produkt- und Dienstleistungsanbietern und Kennzahlen wichtiger Industrieunternehmen;<\/p>\r\n<p class=\"custom_style\">Veranlagung zur Teamarbeit;<\/p>\r\n<p class=\"custom_style\">Ausgezeichnete Brokerage-Aktivit\u00e4ten, die darauf abzielen, wichtige Beziehungen zwischen Unternehmen, Herstellern und Lieferanten zu konsolidieren;<\/p>\r\n<p class=\"custom_style\">Ausgezeichnete organisatorische F\u00e4higkeiten, Projektmanagement und Implementierung von zielgerichteten L\u00f6sungen<\/p>\r\n<p>[\/vc_column_text][\/vc_column_inner][vc_column_inner width=&#8220;1\/3&#8243;][\/vc_column_inner][\/vc_row_inner][\/vc_column][\/vc_row][vc_row pix_particles_check=&#8220;&#8220; css=&#8220;.vc_custom_1663746564808{margin-top: 50px !important;margin-right: 10% !important;margin-left: 10% !important;}&#8220;][vc_column][vc_row_inner][vc_column_inner][vc_column_text]\n<table id=\"tablepress-7\" class=\"tablepress tablepress-id-7 custom-table_cv\">\n<thead>\n<tr class=\"row-1\">\n\t<th class=\"column-1\">Gesellschaft<\/th><th class=\"column-2\">Periode<\/th><th class=\"column-3\">Position<\/th>\n<\/tr>\n<\/thead>\n<tbody class=\"row-striping row-hover\">\n<tr class=\"row-2\">\n\t<td class=\"column-1\"><a href=\"https:\/\/slmbconsult.com\/\"><img loading=\"lazy\" decoding=\"async\" src=\"https:\/\/slmbconsult.com\/wp-content\/uploads\/2022\/09\/logo_slm-300x169.png\" alt=\"\" width=\"300\" height=\"169\" class=\"alignnone size-medium wp-image-13670\" srcset=\"https:\/\/slmbconsult.com\/wp-content\/uploads\/2022\/09\/logo_slm-300x169.png 300w, https:\/\/slmbconsult.com\/wp-content\/uploads\/2022\/09\/logo_slm-768x432.png 768w, https:\/\/slmbconsult.com\/wp-content\/uploads\/2022\/09\/logo_slm.png 800w\" sizes=\"auto, (max-width: 300px) 100vw, 300px\" \/><\/a><\/td><td class=\"column-2\">Kann 2017<\/td><td class=\"column-3\">SCM- und Logistikberater<\/td>\n<\/tr>\n<tr class=\"row-3\">\n\t<td class=\"column-1\"><a href=\"https:\/\/www.quick-service-logistics.de\" rel=\"noopener\" target=\"_blank\"><img loading=\"lazy\" decoding=\"async\" src=\"https:\/\/slmbconsult.com\/wp-content\/uploads\/2022\/09\/logo_qsl-300x225.png\" alt=\"\" width=\"300\" height=\"225\" class=\"alignnone size-medium wp-image-13673\" srcset=\"https:\/\/slmbconsult.com\/wp-content\/uploads\/2022\/09\/logo_qsl-300x225.png 300w, https:\/\/slmbconsult.com\/wp-content\/uploads\/2022\/09\/logo_qsl-768x576.png 768w, https:\/\/slmbconsult.com\/wp-content\/uploads\/2022\/09\/logo_qsl-600x450.png 600w, https:\/\/slmbconsult.com\/wp-content\/uploads\/2022\/09\/logo_qsl.png 800w\" sizes=\"auto, (max-width: 300px) 100vw, 300px\" \/><\/a><\/td><td class=\"column-2\">2013-2017<\/td><td class=\"column-3\">Operations Director S\u00fcd- und Westeuropa<\/td>\n<\/tr>\n<tr class=\"row-4\">\n\t<td class=\"column-1\"><a href=\"https:\/\/www.quick-service-logistics.de\" rel=\"noopener\" target=\"_blank\"><img loading=\"lazy\" decoding=\"async\" src=\"https:\/\/slmbconsult.com\/wp-content\/uploads\/2022\/09\/logo_qsl-300x225.png\" alt=\"\" width=\"300\" height=\"225\" class=\"alignnone size-medium wp-image-13673\" srcset=\"https:\/\/slmbconsult.com\/wp-content\/uploads\/2022\/09\/logo_qsl-300x225.png 300w, https:\/\/slmbconsult.com\/wp-content\/uploads\/2022\/09\/logo_qsl-768x576.png 768w, https:\/\/slmbconsult.com\/wp-content\/uploads\/2022\/09\/logo_qsl-600x450.png 600w, https:\/\/slmbconsult.com\/wp-content\/uploads\/2022\/09\/logo_qsl.png 800w\" sizes=\"auto, (max-width: 300px) 100vw, 300px\" \/><\/a><\/td><td class=\"column-2\">2011-2013<\/td><td class=\"column-3\">Senior Operations Manager &amp; KAM<\/td>\n<\/tr>\n<tr class=\"row-5\">\n\t<td class=\"column-1\"><a href=\"https:\/\/www.bk.com\/\" rel=\"noopener\" target=\"_blank\"><img loading=\"lazy\" decoding=\"async\" src=\"https:\/\/slmbconsult.com\/wp-content\/uploads\/2022\/09\/logo_burger-300x225.png\" alt=\"\" width=\"300\" height=\"225\" class=\"alignnone size-medium wp-image-13676\" srcset=\"https:\/\/slmbconsult.com\/wp-content\/uploads\/2022\/09\/logo_burger-300x225.png 300w, https:\/\/slmbconsult.com\/wp-content\/uploads\/2022\/09\/logo_burger-768x576.png 768w, https:\/\/slmbconsult.com\/wp-content\/uploads\/2022\/09\/logo_burger-600x450.png 600w, https:\/\/slmbconsult.com\/wp-content\/uploads\/2022\/09\/logo_burger.png 800w\" sizes=\"auto, (max-width: 300px) 100vw, 300px\" \/><\/a><\/td><td class=\"column-2\">2006-2011<\/td><td class=\"column-3\">Supply Chain Manager Schweiz, \u00d6sterreich, Italien und Malta<\/td>\n<\/tr>\n<tr class=\"row-6\">\n\t<td class=\"column-1\"><a href=\"https:\/\/www.frutarom.com\/\" rel=\"noopener\" target=\"_blank\"><img loading=\"lazy\" decoding=\"async\" src=\"https:\/\/slmbconsult.com\/wp-content\/uploads\/2022\/09\/logo_frutarom-300x225.png\" alt=\"\" width=\"300\" height=\"225\" class=\"alignnone size-medium wp-image-13679\" srcset=\"https:\/\/slmbconsult.com\/wp-content\/uploads\/2022\/09\/logo_frutarom-300x225.png 300w, https:\/\/slmbconsult.com\/wp-content\/uploads\/2022\/09\/logo_frutarom-768x576.png 768w, https:\/\/slmbconsult.com\/wp-content\/uploads\/2022\/09\/logo_frutarom-600x450.png 600w, https:\/\/slmbconsult.com\/wp-content\/uploads\/2022\/09\/logo_frutarom.png 800w\" sizes=\"auto, (max-width: 300px) 100vw, 300px\" \/><\/a><\/td><td class=\"column-2\">2004-2006<\/td><td class=\"column-3\">Logistikmanager und Gefahrgut-Verantwortlicher<\/td>\n<\/tr>\n<tr class=\"row-7\">\n\t<td class=\"column-1\"><a href=\"https:\/\/www.starbucks.com\/\" rel=\"noopener\" target=\"_blank\"><img loading=\"lazy\" decoding=\"async\" src=\"https:\/\/slmbconsult.com\/wp-content\/uploads\/2022\/09\/logo_starbuck-300x225.png\" alt=\"\" width=\"300\" height=\"225\" class=\"alignnone size-medium wp-image-13682\" srcset=\"https:\/\/slmbconsult.com\/wp-content\/uploads\/2022\/09\/logo_starbuck-300x225.png 300w, https:\/\/slmbconsult.com\/wp-content\/uploads\/2022\/09\/logo_starbuck-768x576.png 768w, https:\/\/slmbconsult.com\/wp-content\/uploads\/2022\/09\/logo_starbuck-600x450.png 600w, https:\/\/slmbconsult.com\/wp-content\/uploads\/2022\/09\/logo_starbuck.png 800w\" sizes=\"auto, (max-width: 300px) 100vw, 300px\" \/><\/a><\/td><td class=\"column-2\">2001-2004<\/td><td class=\"column-3\">Supply Chain Manager<\/td>\n<\/tr>\n<tr class=\"row-8\">\n\t<td class=\"column-1\"><a href=\"https:\/\/www.networks.nokia.com\/\" rel=\"noopener\" target=\"_blank\"><img loading=\"lazy\" decoding=\"async\" src=\"https:\/\/slmbconsult.com\/wp-content\/uploads\/2022\/09\/logo_nokia-300x225.png\" alt=\"\" width=\"300\" height=\"225\" class=\"alignnone size-medium wp-image-13685\" srcset=\"https:\/\/slmbconsult.com\/wp-content\/uploads\/2022\/09\/logo_nokia-300x225.png 300w, https:\/\/slmbconsult.com\/wp-content\/uploads\/2022\/09\/logo_nokia-768x576.png 768w, https:\/\/slmbconsult.com\/wp-content\/uploads\/2022\/09\/logo_nokia-600x450.png 600w, https:\/\/slmbconsult.com\/wp-content\/uploads\/2022\/09\/logo_nokia.png 800w\" sizes=\"auto, (max-width: 300px) 100vw, 300px\" \/><\/a><\/td><td class=\"column-2\">2000-2001<\/td><td class=\"column-3\">Logistikkoordinator<\/td>\n<\/tr>\n<tr class=\"row-9\">\n\t<td class=\"column-1\"><a href=\"https:\/\/www.novatraffic.ch\/\" rel=\"noopener\" target=\"_blank\"><img loading=\"lazy\" decoding=\"async\" src=\"https:\/\/slmbconsult.com\/wp-content\/uploads\/2022\/09\/logo_nova-300x225.png\" alt=\"\" width=\"300\" height=\"225\" class=\"alignnone size-medium wp-image-13688\" srcset=\"https:\/\/slmbconsult.com\/wp-content\/uploads\/2022\/09\/logo_nova-300x225.png 300w, https:\/\/slmbconsult.com\/wp-content\/uploads\/2022\/09\/logo_nova-768x576.png 768w, https:\/\/slmbconsult.com\/wp-content\/uploads\/2022\/09\/logo_nova-600x450.png 600w, https:\/\/slmbconsult.com\/wp-content\/uploads\/2022\/09\/logo_nova.png 800w\" sizes=\"auto, (max-width: 300px) 100vw, 300px\" \/><\/a><\/td><td class=\"column-2\">1995-2000<\/td><td class=\"column-3\">Assistent Logistik &amp; Warehouse Manager<\/td>\n<\/tr>\n<tr class=\"row-10\">\n\t<td class=\"column-1\"><a href=\"https:\/\/www.gw-world.com\/\" rel=\"noopener\" target=\"_blank\"><img loading=\"lazy\" decoding=\"async\" src=\"https:\/\/slmbconsult.com\/wp-content\/uploads\/2022\/09\/logo_gebruder-300x225.png\" alt=\"\" width=\"300\" height=\"225\" class=\"alignnone size-medium wp-image-13691\" srcset=\"https:\/\/slmbconsult.com\/wp-content\/uploads\/2022\/09\/logo_gebruder-300x225.png 300w, https:\/\/slmbconsult.com\/wp-content\/uploads\/2022\/09\/logo_gebruder-768x576.png 768w, https:\/\/slmbconsult.com\/wp-content\/uploads\/2022\/09\/logo_gebruder-600x450.png 600w, https:\/\/slmbconsult.com\/wp-content\/uploads\/2022\/09\/logo_gebruder.png 800w\" sizes=\"auto, (max-width: 300px) 100vw, 300px\" \/><\/a><\/td><td class=\"column-2\">1994-1995<\/td><td class=\"column-3\">Luftfracht-Export-Sachbearbeiter<\/td>\n<\/tr>\n<\/tbody>\n<\/table>\n<!-- #tablepress-7 from cache -->[\/vc_column_text][\/vc_column_inner][\/vc_row_inner][\/vc_column][\/vc_row][vc_row pix_particles_check=&#8220;&#8220; css=&#8220;.vc_custom_1663746564808{margin-top: 50px !important;margin-right: 10% !important;margin-left: 10% !important;}&#8220;][vc_column][vc_row_inner][vc_column_inner][vc_column_text]\n<table id=\"tablepress-8\" class=\"tablepress tablepress-id-8 custom-table_studies\">\n<thead>\n<tr class=\"row-1\">\n\t<th class=\"column-1\">INSTITUTE<\/th><th class=\"column-2\">YEAR<\/th><th class=\"column-3\">COURSE<\/th>\n<\/tr>\n<\/thead>\n<tbody class=\"row-striping row-hover\">\n<tr class=\"row-2\">\n\t<td class=\"column-1\"><a href=\"https:\/\/www.mib.edu\/\" target=\"_blank\" rel=\"noopener\">MIB School of Management<\/a><\/td><td class=\"column-2\">2015-2015<\/td><td class=\"column-3\">Wine Business Management<\/td>\n<\/tr>\n<tr class=\"row-3\">\n\t<td class=\"column-1\"><a href=\"https:\/\/www.aisitalia.it\/\" target=\"_blank\" rel=\"noopener\">AIS Trieste<\/a><\/td><td class=\"column-2\">2011-2014<\/td><td class=\"column-3\">Diplom Sommelier AIS<\/td>\n<\/tr>\n<tr class=\"row-4\">\n\t<td class=\"column-1\"><a href=\"https:\/\/www.mib.edu\/\" target=\"_blank\" rel=\"noopener\">MIB School of Management<\/a><\/td><td class=\"column-2\">2009-2012<\/td><td class=\"column-3\">Master in Business Administration<\/td>\n<\/tr>\n<tr class=\"row-5\">\n\t<td class=\"column-1\"><a href=\"https:\/\/www.bzd.ch\/\" target=\"_blank\" rel=\"noopener\">BZ Dietikon<\/a><\/td><td class=\"column-2\">1996-1999<\/td><td class=\"column-3\">Logistik-Techniker<\/td>\n<\/tr>\n<tr class=\"row-6\">\n\t<td class=\"column-1\"><a href=\"https:\/\/www.wskvw.ch\/\" target=\"_blank\" rel=\"noopener\">Commercial School Winterthur<\/a><\/td><td class=\"column-2\">1991-1994<\/td><td class=\"column-3\">F\u00e4higkeitszeugnis<\/td>\n<\/tr>\n<\/tbody>\n<\/table>\n<!-- #tablepress-8 from cache -->[\/vc_column_text][\/vc_column_inner][\/vc_row_inner][\/vc_column][\/vc_row][vc_row equal_height=&#8220;yes&#8220; pix_particles_check=&#8220;&#8220; css=&#8220;.vc_custom_1663748078616{margin-right: 10% !important;margin-left: 10% !important;padding-top: 50px !important;padding-right: 50px !important;padding-bottom: 50px !important;padding-left: 50px !important;background-color: #eeeeee !important;}&#8220; el_class=&#8220;four-column&#8220;][vc_column content_align=&#8220;text-center&#8220; el_class=&#8220;styled-column&#8220;][vc_column_text]<\/p>\r\n<p class=\"custom_style\" style=\"text-align: center;\">\u00dcBER UNS<\/p>\r\n<p>[\/vc_column_text][vc_row_inner css=&#8220;.vc_custom_1663747996593{padding-top: 20px !important;padding-right: 20px !important;padding-bottom: 20px !important;padding-left: 20px !important;background-color: rgba(220,220,220,0.6) !important;*background-color: rgb(220,220,220) !important;}&#8220;][vc_column_inner width=&#8220;1\/4&#8243;][vc_single_image image=&#8220;13722&#8243; img_size=&#8220;full&#8220; alignment=&#8220;center&#8220; onclick=&#8220;custom_link&#8220; img_link_target=&#8220;_blank&#8220; link=&#8220;\/\/www.foodbrand.com&#8220;][\/vc_column_inner][vc_column_inner width=&#8220;3\/4&#8243;][vc_column_text]<\/p>\r\n<p class=\"custom_style \" style=\"text-align: center;\"><em>&#8222;&#8220;Wir m\u00f6chten uns gerne bei SLM Business Consultancy S.R.L. f\u00fcr die durchgef\u00fchrte T\u00e4tigkeit bei Food Brand bedanken. Sie haben unserer Abteilung die Werkzeuge und die Methodik zur Verf\u00fcgung gestellt, um mit der richtigen analytischen Sichtweise in die komplexe Welt der Logistik einzusteigen. Daf\u00fcr sind wir dankbar.&#8220;&#8220;<\/em><\/p>\r\n<p>[\/vc_column_text][vc_column_text]<\/p>\r\n<h3 style=\"text-align: center;\">Salvatore Grizzanti &#8211; Business Development &amp; Franchising Director Food Brand SpA<\/h3>\r\n<p>[\/vc_column_text][\/vc_column_inner][\/vc_row_inner][\/vc_column][\/vc_row]<\/p>\r\n","protected":false},"excerpt":{"rendered":"[vc_row content_placement=&#8220;middle&#8220; pix_particles_check=&#8220;&#8220; css=&#8220;.vc_custom_1663656058461{margin-top: 60px !important;margin-right: 10% !important;margin-left: 10% !important;}&#8220;][vc_column][vc_row_inner][vc_column_inner width=&#8220;2\/3&#8243;][vc_column_text] \u00dcBER UNS SLM Business Consultancy S.R.L. ist eine Beratungsfirma, die von Stefano Madile gegr\u00fcndet wurde, einem Manager mit bedeutender Managementerfahrung in multinationalen Unternehmen. Das Unternehmen zeichnet sich durch eine&#8230;","protected":false},"author":1,"featured_media":13658,"parent":0,"menu_order":0,"comment_status":"closed","ping_status":"closed","template":"templates\/template-full-width.php","meta":{"_acf_changed":false,"footnotes":""},"class_list":["post-13649","page","type-page","status-publish","has-post-thumbnail","hentry"],"acf":[],"yoast_head":"<!-- This site is optimized with the Yoast SEO plugin v26.2 - https:\/\/yoast.com\/wordpress\/plugins\/seo\/ -->\n<title>Beratungsunternehmen | SLM<\/title>\n<meta name=\"description\" content=\"SLM ist ein erfahrenes Beratungsunternehmen in den Bereichen Logistik und Beschaffungsmanagement.\" \/>\n<meta name=\"robots\" content=\"index, follow, max-snippet:-1, max-image-preview:large, max-video-preview:-1\" \/>\n<link rel=\"canonical\" href=\"https:\/\/slmbconsult.com\/de\/s-madile\/\" \/>\n<meta property=\"og:locale\" content=\"de_DE\" \/>\n<meta property=\"og:type\" content=\"article\" \/>\n<meta property=\"og:title\" content=\"Beratungsunternehmen | SLM\" \/>\n<meta property=\"og:description\" content=\"SLM ist ein erfahrenes Beratungsunternehmen in den Bereichen Logistik und Beschaffungsmanagement.\" \/>\n<meta property=\"og:url\" content=\"https:\/\/slmbconsult.com\/de\/s-madile\/\" \/>\n<meta property=\"og:site_name\" content=\"slmbconsulting\" \/>\n<meta property=\"article:modified_time\" content=\"2023-05-10T07:44:26+00:00\" \/>\n<meta property=\"og:image\" content=\"https:\/\/slmbconsult.com\/wp-content\/uploads\/2022\/09\/img_slide_3.jpg\" \/>\n\t<meta property=\"og:image:width\" content=\"2000\" \/>\n\t<meta property=\"og:image:height\" content=\"800\" \/>\n\t<meta property=\"og:image:type\" content=\"image\/jpeg\" \/>\n<meta name=\"twitter:card\" content=\"summary_large_image\" \/>\n<meta name=\"twitter:label1\" content=\"Gesch\u00e4tzte Lesezeit\" \/>\n\t<meta name=\"twitter:data1\" content=\"2\u00a0Minuten\" \/>\n<script type=\"application\/ld+json\" class=\"yoast-schema-graph\">{\"@context\":\"https:\/\/schema.org\",\"@graph\":[{\"@type\":\"WebPage\",\"@id\":\"https:\/\/slmbconsult.com\/de\/s-madile\/\",\"url\":\"https:\/\/slmbconsult.com\/de\/s-madile\/\",\"name\":\"Beratungsunternehmen | SLM\",\"isPartOf\":{\"@id\":\"https:\/\/slmbconsult.com\/#website\"},\"primaryImageOfPage\":{\"@id\":\"https:\/\/slmbconsult.com\/de\/s-madile\/#primaryimage\"},\"image\":{\"@id\":\"https:\/\/slmbconsult.com\/de\/s-madile\/#primaryimage\"},\"thumbnailUrl\":\"https:\/\/slmbconsult.com\/wp-content\/uploads\/2022\/09\/img_slide_3.jpg\",\"datePublished\":\"2022-09-20T13:48:37+00:00\",\"dateModified\":\"2023-05-10T07:44:26+00:00\",\"description\":\"SLM ist ein erfahrenes Beratungsunternehmen in den Bereichen Logistik und Beschaffungsmanagement.\",\"breadcrumb\":{\"@id\":\"https:\/\/slmbconsult.com\/de\/s-madile\/#breadcrumb\"},\"inLanguage\":\"de\",\"potentialAction\":[{\"@type\":\"ReadAction\",\"target\":[\"https:\/\/slmbconsult.com\/de\/s-madile\/\"]}]},{\"@type\":\"ImageObject\",\"inLanguage\":\"de\",\"@id\":\"https:\/\/slmbconsult.com\/de\/s-madile\/#primaryimage\",\"url\":\"https:\/\/slmbconsult.com\/wp-content\/uploads\/2022\/09\/img_slide_3.jpg\",\"contentUrl\":\"https:\/\/slmbconsult.com\/wp-content\/uploads\/2022\/09\/img_slide_3.jpg\",\"width\":2000,\"height\":800},{\"@type\":\"BreadcrumbList\",\"@id\":\"https:\/\/slmbconsult.com\/de\/s-madile\/#breadcrumb\",\"itemListElement\":[{\"@type\":\"ListItem\",\"position\":1,\"name\":\"Home\",\"item\":\"https:\/\/slmbconsult.com\/de\/\"},{\"@type\":\"ListItem\",\"position\":2,\"name\":\"S. Madile\"}]},{\"@type\":\"WebSite\",\"@id\":\"https:\/\/slmbconsult.com\/#website\",\"url\":\"https:\/\/slmbconsult.com\/\",\"name\":\"slmbconsulting\",\"description\":\"Un nuovo sito targato WordPress\",\"potentialAction\":[{\"@type\":\"SearchAction\",\"target\":{\"@type\":\"EntryPoint\",\"urlTemplate\":\"https:\/\/slmbconsult.com\/?s={search_term_string}\"},\"query-input\":{\"@type\":\"PropertyValueSpecification\",\"valueRequired\":true,\"valueName\":\"search_term_string\"}}],\"inLanguage\":\"de\"}]}<\/script>\n<!-- \/ Yoast SEO plugin. -->","yoast_head_json":{"title":"Beratungsunternehmen | SLM","description":"SLM ist ein erfahrenes Beratungsunternehmen in den Bereichen Logistik und Beschaffungsmanagement.","robots":{"index":"index","follow":"follow","max-snippet":"max-snippet:-1","max-image-preview":"max-image-preview:large","max-video-preview":"max-video-preview:-1"},"canonical":"https:\/\/slmbconsult.com\/de\/s-madile\/","og_locale":"de_DE","og_type":"article","og_title":"Beratungsunternehmen | SLM","og_description":"SLM ist ein erfahrenes Beratungsunternehmen in den Bereichen Logistik und Beschaffungsmanagement.","og_url":"https:\/\/slmbconsult.com\/de\/s-madile\/","og_site_name":"slmbconsulting","article_modified_time":"2023-05-10T07:44:26+00:00","og_image":[{"width":2000,"height":800,"url":"https:\/\/slmbconsult.com\/wp-content\/uploads\/2022\/09\/img_slide_3.jpg","type":"image\/jpeg"}],"twitter_card":"summary_large_image","twitter_misc":{"Gesch\u00e4tzte Lesezeit":"2\u00a0Minuten"},"schema":{"@context":"https:\/\/schema.org","@graph":[{"@type":"WebPage","@id":"https:\/\/slmbconsult.com\/de\/s-madile\/","url":"https:\/\/slmbconsult.com\/de\/s-madile\/","name":"Beratungsunternehmen | SLM","isPartOf":{"@id":"https:\/\/slmbconsult.com\/#website"},"primaryImageOfPage":{"@id":"https:\/\/slmbconsult.com\/de\/s-madile\/#primaryimage"},"image":{"@id":"https:\/\/slmbconsult.com\/de\/s-madile\/#primaryimage"},"thumbnailUrl":"https:\/\/slmbconsult.com\/wp-content\/uploads\/2022\/09\/img_slide_3.jpg","datePublished":"2022-09-20T13:48:37+00:00","dateModified":"2023-05-10T07:44:26+00:00","description":"SLM ist ein erfahrenes Beratungsunternehmen in den Bereichen Logistik und Beschaffungsmanagement.","breadcrumb":{"@id":"https:\/\/slmbconsult.com\/de\/s-madile\/#breadcrumb"},"inLanguage":"de","potentialAction":[{"@type":"ReadAction","target":["https:\/\/slmbconsult.com\/de\/s-madile\/"]}]},{"@type":"ImageObject","inLanguage":"de","@id":"https:\/\/slmbconsult.com\/de\/s-madile\/#primaryimage","url":"https:\/\/slmbconsult.com\/wp-content\/uploads\/2022\/09\/img_slide_3.jpg","contentUrl":"https:\/\/slmbconsult.com\/wp-content\/uploads\/2022\/09\/img_slide_3.jpg","width":2000,"height":800},{"@type":"BreadcrumbList","@id":"https:\/\/slmbconsult.com\/de\/s-madile\/#breadcrumb","itemListElement":[{"@type":"ListItem","position":1,"name":"Home","item":"https:\/\/slmbconsult.com\/de\/"},{"@type":"ListItem","position":2,"name":"S. Madile"}]},{"@type":"WebSite","@id":"https:\/\/slmbconsult.com\/#website","url":"https:\/\/slmbconsult.com\/","name":"slmbconsulting","description":"Un nuovo sito targato WordPress","potentialAction":[{"@type":"SearchAction","target":{"@type":"EntryPoint","urlTemplate":"https:\/\/slmbconsult.com\/?s={search_term_string}"},"query-input":{"@type":"PropertyValueSpecification","valueRequired":true,"valueName":"search_term_string"}}],"inLanguage":"de"}]}},"_links":{"self":[{"href":"https:\/\/slmbconsult.com\/de\/wp-json\/wp\/v2\/pages\/13649","targetHints":{"allow":["GET"]}}],"collection":[{"href":"https:\/\/slmbconsult.com\/de\/wp-json\/wp\/v2\/pages"}],"about":[{"href":"https:\/\/slmbconsult.com\/de\/wp-json\/wp\/v2\/types\/page"}],"author":[{"embeddable":true,"href":"https:\/\/slmbconsult.com\/de\/wp-json\/wp\/v2\/users\/1"}],"replies":[{"embeddable":true,"href":"https:\/\/slmbconsult.com\/de\/wp-json\/wp\/v2\/comments?post=13649"}],"version-history":[{"count":22,"href":"https:\/\/slmbconsult.com\/de\/wp-json\/wp\/v2\/pages\/13649\/revisions"}],"predecessor-version":[{"id":14218,"href":"https:\/\/slmbconsult.com\/de\/wp-json\/wp\/v2\/pages\/13649\/revisions\/14218"}],"wp:featuredmedia":[{"embeddable":true,"href":"https:\/\/slmbconsult.com\/de\/wp-json\/wp\/v2\/media\/13658"}],"wp:attachment":[{"href":"https:\/\/slmbconsult.com\/de\/wp-json\/wp\/v2\/media?parent=13649"}],"curies":[{"name":"wp","href":"https:\/\/api.w.org\/{rel}","templated":true}]}}