


{"id":13643,"date":"2022-09-20T14:59:56","date_gmt":"2022-09-20T12:59:56","guid":{"rendered":"http:\/\/slmconsulting.switchapp.it\/homepage-2\/"},"modified":"2022-09-27T17:16:49","modified_gmt":"2022-09-27T15:16:49","slug":"homepage-2","status":"publish","type":"page","link":"https:\/\/slmbconsult.com\/de\/","title":{"rendered":"Homepage"},"content":{"rendered":"<p>[vc_row full_width=&#8220;stretch_row_content_no_spaces&#8220; pix_particles_check=&#8220;&#8220;][vc_column]\n\t\t\t<!-- START Slider 1 REVOLUTION SLIDER 6.5.31 --><p class=\"rs-p-wp-fix\"><\/p>\n\t\t\t<rs-module-wrap id=\"rev_slider_1_1_wrapper\" data-source=\"gallery\" style=\"visibility:hidden;background:transparent;padding:0;margin:0px auto;margin-top:0;margin-bottom:0;\">\n\t\t\t\t<rs-module id=\"rev_slider_1_1\" style=\"\" data-version=\"6.5.31\">\n\t\t\t\t\t<rs-slides>\n\t\t\t\t\t\t<rs-slide style=\"position: absolute;\" data-key=\"rs-1\" data-title=\"Slide\" data-in=\"o:0;\" data-out=\"a:false;\">\n\t\t\t\t\t\t\t<img decoding=\"async\" src=\"\/\/slmbconsult.com\/wp-content\/plugins\/revslider\/public\/assets\/assets\/dummy.png\" alt=\"\" title=\"img_slide_1\" width=\"2000\" height=\"800\" class=\"rev-slidebg tp-rs-img rs-lazyload\" data-lazyload=\"\/\/slmbconsult.com\/wp-content\/uploads\/2022\/09\/img_slide_1.jpg\" data-no-retina>\n<!--\n\t\t\t\t\t\t\t--><rs-layer\n\t\t\t\t\t\t\t\tid=\"slider-1-slide-1-layer-0\" \n\t\t\t\t\t\t\t\tdata-type=\"text\"\n\t\t\t\t\t\t\t\tdata-color=\"#ffffff\"\n\t\t\t\t\t\t\t\tdata-rsp_ch=\"on\"\n\t\t\t\t\t\t\t\tdata-xy=\"x:c;y:c;\"\n\t\t\t\t\t\t\t\tdata-text=\"w:normal;s:72;l:71;fw:700;a:center;\"\n\t\t\t\t\t\t\t\tdata-padding=\"t:30;r:100;b:30;l:100;\"\n\t\t\t\t\t\t\t\tdata-frame_999=\"o:0;st:w;\"\n\t\t\t\t\t\t\t\tstyle=\"z-index:5;background-color:rgba(12,119,63,0.7);font-family:'Raleway';\"\n\t\t\t\t\t\t\t>SIMPLIFY<br \/>\nLEVERAGE<br \/>\nMANAGE \n\t\t\t\t\t\t\t<\/rs-layer><!--\n-->\t\t\t\t\t\t<\/rs-slide>\n\t\t\t\t\t<\/rs-slides>\n\t\t\t\t<\/rs-module>\n\t\t\t\t<script>\n\t\t\t\t\tsetREVStartSize({c: 'rev_slider_1_1',rl:[1240,1024,778,480],el:[900],gw:[1240],gh:[900],type:'standard',justify:'',layout:'fullwidth',mh:\"0\"});if (window.RS_MODULES!==undefined && window.RS_MODULES.modules!==undefined && window.RS_MODULES.modules[\"revslider11\"]!==undefined) {window.RS_MODULES.modules[\"revslider11\"].once = false;window.revapi1 = undefined;if (window.RS_MODULES.checkMinimal!==undefined) window.RS_MODULES.checkMinimal()}\n\t\t\t\t<\/script>\n\t\t\t<\/rs-module-wrap>\n\t\t\t<!-- END REVOLUTION SLIDER -->\n[\/vc_column][\/vc_row][vc_row content_placement=&#8220;middle&#8220; pix_particles_check=&#8220;&#8220; css=&#8220;.vc_custom_1663656058461{margin-top: 60px !important;margin-right: 10% !important;margin-left: 10% !important;}&#8220;][vc_column][vc_row_inner][vc_column_inner width=&#8220;1\/3&#8243; css=&#8220;.vc_custom_1663597072025{margin-bottom: 50px !important;}&#8220;][\/vc_column_inner][vc_column_inner width=&#8220;1\/3&#8243;][vc_single_image image=&#8220;13436&#8243; img_size=&#8220;full&#8220; alignment=&#8220;center&#8220; css=&#8220;.vc_custom_1663666088335{border-bottom-width: 1px !important;padding-bottom: 10px !important;border-bottom-color: #aae3ac !important;border-bottom-style: solid !important;}&#8220;][\/vc_column_inner][vc_column_inner width=&#8220;1\/3&#8243;][\/vc_column_inner][\/vc_row_inner][vc_row_inner][vc_column_inner width=&#8220;1\/2&#8243;][vc_column_text]<\/p>\r\n<p class=\"custom_style\">Wir analysieren, optimieren und vereinfachen die Lieferkette, machen sie schlanker und effizienter, senken Kosten und steigern die Effizienz von Arbeitsprozessen.<\/p>\r\n<p>[\/vc_column_text][\/vc_column_inner][vc_column_inner width=&#8220;1\/2&#8243;][vc_column_text]<\/p>\r\n<p class=\"custom_style\">Wir entwickeln strategische L\u00f6sungen f\u00fcr die Steuerung von Supply Chain Fl\u00fcsse, die Koordination von Supply Chain-Unternehmen und Lieferanten bis hin zu den finalen Lieferstellen.<\/p>\r\n<p>[\/vc_column_text][\/vc_column_inner][\/vc_row_inner][vc_row_inner][vc_column_inner][vc_column_text]<\/p>\r\n<p class=\"custom_style\">SLM Business Consultancy S.R.L. ist dank der Erfahrung in QSR Business und gro\u00dfen QSR-Unternehmen ein idealer Partner f\u00fcr die Effizienz der Logistikkette.<\/p>\r\n<p>[\/vc_column_text][\/vc_column_inner][\/vc_row_inner][\/vc_column][\/vc_row][vc_row pix_particles_check=&#8220;&#8220;][vc_column][vc_custom_heading text=&#8220;L\u00d6SUNGEN UND DIENSTLEISTUNGEN&#8220; font_container=&#8220;tag:h2|font_size:36|text_align:center|color:%23264e39&#8243; google_fonts=&#8220;font_family:Raleway%3A100%2C200%2C300%2Cregular%2C500%2C600%2C700%2C800%2C900|font_style:600%20bold%20regular%3A600%3Anormal&#8220;][\/vc_column][\/vc_row][vc_row pix_particles_check=&#8220;&#8220;][vc_column]<div class=\"four-column\"><div class=\"styled-column colored\"><div class=\"image_cont\"><img loading=\"lazy\" decoding=\"async\" width=\"150\" height=\"150\" src=\"https:\/\/slmbconsult.com\/wp-content\/uploads\/2022\/09\/ico_step_1-150x150.png\" class=\"attachment-thumbnail size-thumbnail\" alt=\"\" srcset=\"https:\/\/slmbconsult.com\/wp-content\/uploads\/2022\/09\/ico_step_1-150x150.png 150w, https:\/\/slmbconsult.com\/wp-content\/uploads\/2022\/09\/ico_step_1-400x400.png 400w, https:\/\/slmbconsult.com\/wp-content\/uploads\/2022\/09\/ico_step_1-75x75.png 75w\" sizes=\"auto, (max-width: 150px) 100vw, 150px\" \/><\/div><div class=\"title\">\n                                <h2>PRODUZENT DER ERSTEN EBENE<\/h2>\n                            <\/div><span class=\"rounded-link\">\n                                    <a href=\"http:\/\/slmbconsult.com\/de\/beschaffung\/\"><\/a>\n                                <\/span><\/div><div class=\"styled-column colored\"><div class=\"image_cont\"><img loading=\"lazy\" decoding=\"async\" width=\"150\" height=\"150\" src=\"https:\/\/slmbconsult.com\/wp-content\/uploads\/2022\/09\/ico_step_2-150x150.png\" class=\"attachment-thumbnail size-thumbnail\" alt=\"\" srcset=\"https:\/\/slmbconsult.com\/wp-content\/uploads\/2022\/09\/ico_step_2-150x150.png 150w, https:\/\/slmbconsult.com\/wp-content\/uploads\/2022\/09\/ico_step_2-400x400.png 400w, https:\/\/slmbconsult.com\/wp-content\/uploads\/2022\/09\/ico_step_2-75x75.png 75w\" sizes=\"auto, (max-width: 150px) 100vw, 150px\" \/><\/div><div class=\"title\">\n                                <h2>PRODUZENT DER ZWEITEN EBENE<\/h2>\n                            <\/div><span class=\"rounded-link\">\n                                    <a href=\"http:\/\/slmbconsult.com\/de\/lieferkette\/\"><\/a>\n                                <\/span><\/div><div class=\"styled-column colored\"><div class=\"image_cont\"><img loading=\"lazy\" decoding=\"async\" width=\"150\" height=\"150\" src=\"https:\/\/slmbconsult.com\/wp-content\/uploads\/2022\/09\/ico_step_3-150x150.png\" class=\"attachment-thumbnail size-thumbnail\" alt=\"\" srcset=\"https:\/\/slmbconsult.com\/wp-content\/uploads\/2022\/09\/ico_step_3-150x150.png 150w, https:\/\/slmbconsult.com\/wp-content\/uploads\/2022\/09\/ico_step_3-400x400.png 400w, https:\/\/slmbconsult.com\/wp-content\/uploads\/2022\/09\/ico_step_3-75x75.png 75w\" sizes=\"auto, (max-width: 150px) 100vw, 150px\" \/><\/div><div class=\"title\">\n                                <h2>VERTEILZENTRUM<\/h2>\n                            <\/div><span class=\"rounded-link\">\n                                    <a href=\"http:\/\/slmbconsult.com\/de\/logistik\/\"><\/a>\n                                <\/span><\/div><div class=\"styled-column colored\"><div class=\"image_cont\"><img loading=\"lazy\" decoding=\"async\" width=\"150\" height=\"150\" src=\"https:\/\/slmbconsult.com\/wp-content\/uploads\/2022\/09\/ico_step_4-150x150.png\" class=\"attachment-thumbnail size-thumbnail\" alt=\"\" srcset=\"https:\/\/slmbconsult.com\/wp-content\/uploads\/2022\/09\/ico_step_4-150x150.png 150w, https:\/\/slmbconsult.com\/wp-content\/uploads\/2022\/09\/ico_step_4-400x400.png 400w, https:\/\/slmbconsult.com\/wp-content\/uploads\/2022\/09\/ico_step_4-75x75.png 75w\" sizes=\"auto, (max-width: 150px) 100vw, 150px\" \/><\/div><div class=\"title\">\n                                <h2>GESCH\u00c4FT<\/h2>\n                            <\/div><\/div><\/div>[\/vc_column][\/vc_row][vc_row pix_particles_check=&#8220;&#8220;][vc_column][vc_custom_heading text=&#8220;TEMPORARY MANAGEMENT&#8220; font_container=&#8220;tag:h2|font_size:36|text_align:center|color:%23264e39&#8243; google_fonts=&#8220;font_family:Raleway%3A100%2C200%2C300%2Cregular%2C500%2C600%2C700%2C800%2C900|font_style:600%20bold%20regular%3A600%3Anormal&#8220;][\/vc_column][\/vc_row][vc_row equal_height=&#8220;yes&#8220; pix_particles_check=&#8220;&#8220; css=&#8220;.vc_custom_1663668737165{margin-right: 20% !important;margin-left: 20% !important;}&#8220; el_class=&#8220;four-column hover&#8220;][vc_column width=&#8220;1\/2&#8243; css=&#8220;.vc_custom_1664203391318{padding-top: 20% !important;padding-right: 20% !important;padding-bottom: 20% !important;padding-left: 20% !important;}&#8220; el_class=&#8220;styled-column&#8220; offset=&#8220;vc_col-lg-3 vc_col-md-6 vc_col-xs-12&#8243;][vc_single_image image=&#8220;13598&#8243; img_size=&#8220;full&#8220; alignment=&#8220;center&#8220; onclick=&#8220;custom_link&#8220; link=&#8220;\/temporary-management\/#temp_buyer&#8220;][vc_column_text el_class=&#8220;title&#8220;]<\/p>\r\n<h2 style=\"text-align: center;\">Temporary Buyer<\/h2>\r\n<p>[\/vc_column_text][\/vc_column][vc_column width=&#8220;1\/2&#8243; css=&#8220;.vc_custom_1664203397437{padding-top: 20% !important;padding-right: 20% !important;padding-bottom: 20% !important;padding-left: 20% !important;}&#8220; el_class=&#8220;styled-column&#8220; offset=&#8220;vc_col-lg-3 vc_col-md-6 vc_col-xs-12&#8243;][vc_single_image image=&#8220;13595&#8243; img_size=&#8220;full&#8220; alignment=&#8220;center&#8220; onclick=&#8220;custom_link&#8220; link=&#8220;\/temporary-management\/#temp_chain_manager&#8220;][vc_column_text el_class=&#8220;title&#8220;]<\/p>\r\n<h2 style=\"text-align: center;\">Temporary Supply Chain Manager<\/h2>\r\n<p>[\/vc_column_text][\/vc_column][vc_column width=&#8220;1\/2&#8243; css=&#8220;.vc_custom_1664203402430{padding-top: 20% !important;padding-right: 20% !important;padding-bottom: 20% !important;padding-left: 20% !important;}&#8220; el_class=&#8220;styled-column&#8220; offset=&#8220;vc_col-lg-3 vc_col-md-6 vc_col-xs-12&#8243;][vc_single_image image=&#8220;13592&#8243; img_size=&#8220;full&#8220; alignment=&#8220;center&#8220; onclick=&#8220;custom_link&#8220; link=&#8220;\/temporary-management\/#temp_logistic_manager&#8220;][vc_column_text el_class=&#8220;title&#8220;]<\/p>\r\n<h2 style=\"text-align: center;\">Temporary Logistics Manager<\/h2>\r\n<p>[\/vc_column_text][\/vc_column][vc_column width=&#8220;1\/2&#8243; css=&#8220;.vc_custom_1664203407315{padding-top: 20% !important;padding-right: 20% !important;padding-bottom: 20% !important;padding-left: 20% !important;}&#8220; el_class=&#8220;styled-column&#8220; offset=&#8220;vc_col-lg-3 vc_col-md-6 vc_col-xs-12&#8243;][vc_single_image image=&#8220;13589&#8243; img_size=&#8220;full&#8220; alignment=&#8220;center&#8220; onclick=&#8220;custom_link&#8220; link=&#8220;\/temporary-management\/#temp_project_manager&#8220;][vc_column_text el_class=&#8220;title&#8220;]<\/p>\r\n<h2 style=\"text-align: center;\">Temporary Project Manager<\/h2>\r\n<p>[\/vc_column_text][\/vc_column][\/vc_row][vc_row content_placement=&#8220;middle&#8220; pix_particles_check=&#8220;&#8220; responsive_css=&#8220;{&#8222;pix_res_sm_mr&#8222;:&#8222;0&#8222;,&#8222;pix_res_sm_ml&#8222;:&#8222;0&#8222;,&#8222;pix_res_md_mr&#8222;:&#8222;0&#8222;,&#8222;pix_res_md_ml&#8222;:&#8222;0&#8222;}&#8220; css=&#8220;.vc_custom_1664203468491{margin-right: 20% !important;margin-left: 20% !important;}&#8220; el_id=&#8220;contact_us&#8220;][vc_column][vc_custom_heading text=&#8220;KONTAKTIEREN SIE UNS&#8220; font_container=&#8220;tag:h2|font_size:36|text_align:center|color:%23264e39&#8243; google_fonts=&#8220;font_family:Raleway%3A100%2C200%2C300%2Cregular%2C500%2C600%2C700%2C800%2C900|font_style:600%20bold%20regular%3A600%3Anormal&#8220;][vc_column_text]<\/p>\r\n<p class=\"custom_style\" style=\"text-align: center;\">Um Ihnen alle unsere L\u00f6sungen zur Verf\u00fcgung zu stellen<\/p>\r\n<p>[\/vc_column_text]\n<div class=\"wpcf7 no-js\" id=\"wpcf7-f14108-o1\" lang=\"it-IT\" dir=\"ltr\" data-wpcf7-id=\"14108\">\n<div class=\"screen-reader-response\"><p role=\"status\" aria-live=\"polite\" aria-atomic=\"true\"><\/p> <ul><\/ul><\/div>\n<form action=\"\/de\/wp-json\/wp\/v2\/pages\/13643#wpcf7-f14108-o1\" method=\"post\" class=\"wpcf7-form init\" aria-label=\"Modulo di contatto\" novalidate=\"novalidate\" data-status=\"init\">\n<fieldset class=\"hidden-fields-container\"><input type=\"hidden\" name=\"_wpcf7\" value=\"14108\" \/><input type=\"hidden\" name=\"_wpcf7_version\" value=\"6.1.3\" \/><input type=\"hidden\" name=\"_wpcf7_locale\" value=\"it_IT\" \/><input type=\"hidden\" name=\"_wpcf7_unit_tag\" value=\"wpcf7-f14108-o1\" \/><input type=\"hidden\" name=\"_wpcf7_container_post\" value=\"0\" \/><input type=\"hidden\" name=\"_wpcf7_posted_data_hash\" value=\"\" \/>\n<\/fieldset>\n<div class=\"pix-contact7-form\"><div class=\"wpcf7-turnstile cf-turnstile\" data-sitekey=\"0x4AAAAAAB999X-DDfNDdHzF\" data-response-field-name=\"_wpcf7_turnstile_response\"><\/div>\n\n<div class=\"row\">\n\t<div class=\"col-sm-6\">\n\t\t<p><span class=\"wpcf7-form-control-wrap\" data-name=\"azienda\"><input size=\"40\" maxlength=\"400\" class=\"wpcf7-form-control wpcf7-text\" aria-invalid=\"false\" placeholder=\"Name der Gesellschaft\" value=\"\" type=\"text\" name=\"azienda\" \/><\/span>\n\t\t<\/p>\n\t\t<p><span class=\"wpcf7-form-control-wrap\" data-name=\"nome\"><input size=\"40\" maxlength=\"400\" class=\"wpcf7-form-control wpcf7-text wpcf7-validates-as-required\" aria-required=\"true\" aria-invalid=\"false\" placeholder=\"Vorname*\" value=\"\" type=\"text\" name=\"nome\" \/><\/span>\n\t\t<\/p>\n\t\t<p><span class=\"wpcf7-form-control-wrap\" data-name=\"cognome\"><input size=\"40\" maxlength=\"400\" class=\"wpcf7-form-control wpcf7-text wpcf7-validates-as-required\" aria-required=\"true\" aria-invalid=\"false\" placeholder=\"Nachname*\" value=\"\" type=\"text\" name=\"cognome\" \/><\/span>\n\t\t<\/p>\n\t\t<p><span class=\"wpcf7-form-control-wrap\" data-name=\"email\"><input size=\"40\" maxlength=\"400\" class=\"wpcf7-form-control wpcf7-email wpcf7-validates-as-required wpcf7-text wpcf7-validates-as-email\" aria-required=\"true\" aria-invalid=\"false\" placeholder=\"Email *\" value=\"\" type=\"email\" name=\"email\" \/><\/span>\n\t\t<\/p>\n\t\t<p><span class=\"wpcf7-form-control-wrap\" data-name=\"telefono\"><input size=\"40\" maxlength=\"400\" class=\"wpcf7-form-control wpcf7-tel wpcf7-text wpcf7-validates-as-tel\" aria-invalid=\"false\" placeholder=\"Telefon\" value=\"\" type=\"tel\" name=\"telefono\" \/><\/span>\n\t\t<\/p>\n\t\t<p><span class=\"wpcf7-form-control-wrap\" data-name=\"indirizzo\"><input size=\"40\" maxlength=\"400\" class=\"wpcf7-form-control wpcf7-text\" aria-invalid=\"false\" placeholder=\"Addresse\" value=\"\" type=\"text\" name=\"indirizzo\" \/><\/span>\n\t\t<\/p>\n\t\t<p><span class=\"wpcf7-form-control-wrap\" data-name=\"citta\"><input size=\"40\" maxlength=\"400\" class=\"wpcf7-form-control wpcf7-text\" aria-invalid=\"false\" placeholder=\"Ort\" value=\"\" type=\"text\" name=\"citta\" \/><\/span>\n\t\t<\/p>\n\t<\/div>\n\t<div class=\"col-sm-6\">\n\t\t<p><span class=\"wpcf7-form-control-wrap\" data-name=\"tipologia\"><select class=\"wpcf7-form-control wpcf7-select\" aria-invalid=\"false\" name=\"tipologia\"><option value=\"Anfrage zu Dienstleistung\">Anfrage zu Dienstleistung<\/option><option value=\"Beratung zu Beschaffungsl\u00f6sungen\">Beratung zu Beschaffungsl\u00f6sungen<\/option><option value=\"Beratung zu Supply Chain Management\">Beratung zu Supply Chain Management<\/option><option value=\"Beratung zu Logistikl\u00f6sungen\">Beratung zu Logistikl\u00f6sungen<\/option><option value=\"Temporary Buyer\">Temporary Buyer<\/option><option value=\"Temporary Supply Chain Manager\">Temporary Supply Chain Manager<\/option><option value=\"Temporary Logistics Manager\">Temporary Logistics Manager<\/option><option value=\"Temporary Project Manager\">Temporary Project Manager<\/option><\/select><\/span>\n\t\t<\/p>\n\t\t<p><span class=\"wpcf7-form-control-wrap\" data-name=\"messaggio\"><textarea cols=\"20\" rows=\"10\" maxlength=\"2000\" class=\"wpcf7-form-control wpcf7-textarea\" aria-invalid=\"false\" placeholder=\"Nachricht\" name=\"messaggio\"><\/textarea><\/span><br \/>\n<span class=\"wpcf7-form-control-wrap\" data-name=\"privacy\"><span class=\"wpcf7-form-control wpcf7-acceptance\"><span class=\"wpcf7-list-item\"><input type=\"checkbox\" name=\"privacy\" value=\"1\" aria-invalid=\"false\" \/><\/span><\/span><\/span><a title=\"Privacy Policy\" class=\"iubenda-nostyle iubenda-noiframe iubenda-embed iubenda-noiframe \" title=\"Datenschutzerkl\u00e4rung \" href=\"https:\/\/www.iubenda.com\/privacy-policy\/78820989\" >Ich akzeptiere die Gesch\u00e4ftsbedingungen<\/a>\n\t\t<\/p>\n\t\t<p><em>Per utilizzare CAPTCHA, deve essere installato il plugin <a href=\"https:\/\/wordpress.org\/plugins\/really-simple-captcha\/\">Really Simple CAPTCHA<\/a>.<\/em><br \/>\n<span class=\"wpcf7-form-control-wrap\" data-name=\"captcha-170\"><input size=\"4\" maxlength=\"4\" class=\"wpcf7-form-control wpcf7-captchar\" autocomplete=\"off\" aria-invalid=\"false\" value=\"\" type=\"text\" name=\"captcha-170\" \/><\/span>\n\t\t<\/p>\n\t\t<p><input class=\"wpcf7-form-control wpcf7-submit has-spinner\" type=\"submit\" value=\"SEND\" \/>\n\t\t<\/p>\n\t<\/div>\n<\/div><\/div><div class=\"wpcf7-response-output\" aria-hidden=\"true\"><\/div>\n<\/form>\n<\/div>\n[\/vc_column][\/vc_row]<\/p>\r\n","protected":false},"excerpt":{"rendered":"[vc_row full_width=&#8220;stretch_row_content_no_spaces&#8220; pix_particles_check=&#8220;&#8220;][vc_column][\/vc_column][\/vc_row][vc_row content_placement=&#8220;middle&#8220; pix_particles_check=&#8220;&#8220; css=&#8220;.vc_custom_1663656058461{margin-top: 60px !important;margin-right: 10% !important;margin-left: 10% !important;}&#8220;][vc_column][vc_row_inner][vc_column_inner width=&#8220;1\/3&#8243; css=&#8220;.vc_custom_1663597072025{margin-bottom: 50px !important;}&#8220;][\/vc_column_inner][vc_column_inner width=&#8220;1\/3&#8243;][vc_single_image image=&#8220;13436&#8243; img_size=&#8220;full&#8220; alignment=&#8220;center&#8220; css=&#8220;.vc_custom_1663666088335{border-bottom-width: 1px !important;padding-bottom: 10px !important;border-bottom-color: #aae3ac !important;border-bottom-style: solid !important;}&#8220;][\/vc_column_inner][vc_column_inner width=&#8220;1\/3&#8243;][\/vc_column_inner][\/vc_row_inner][vc_row_inner][vc_column_inner width=&#8220;1\/2&#8243;][vc_column_text] Wir analysieren, optimieren und vereinfachen die Lieferkette, machen sie&#8230;","protected":false},"author":1,"featured_media":0,"parent":0,"menu_order":0,"comment_status":"closed","ping_status":"closed","template":"templates\/template-full-width.php","meta":{"_acf_changed":false,"footnotes":""},"class_list":["post-13643","page","type-page","status-publish","hentry"],"acf":[],"yoast_head":"<!-- This site is optimized with the Yoast SEO plugin v26.2 - https:\/\/yoast.com\/wordpress\/plugins\/seo\/ -->\n<title>SLM | Optimierung Lebensmittel-Lieferkette<\/title>\n<meta name=\"description\" content=\"SLM Business Consultancy ist auf die Optimierung der Logistikprozesse in den Sektoren Food &amp; Beverage und Schnellrestaurants spezialisiert.\" \/>\n<meta name=\"robots\" content=\"index, follow, max-snippet:-1, max-image-preview:large, max-video-preview:-1\" \/>\n<link rel=\"canonical\" href=\"https:\/\/slmbconsult.com\/de\/\" \/>\n<meta property=\"og:locale\" content=\"de_DE\" \/>\n<meta property=\"og:type\" content=\"article\" \/>\n<meta property=\"og:title\" content=\"SLM | Optimierung Lebensmittel-Lieferkette\" \/>\n<meta property=\"og:description\" content=\"SLM Business Consultancy ist auf die Optimierung der Logistikprozesse in den Sektoren Food &amp; Beverage und Schnellrestaurants spezialisiert.\" \/>\n<meta property=\"og:url\" content=\"https:\/\/slmbconsult.com\/de\/\" \/>\n<meta property=\"og:site_name\" content=\"slmbconsulting\" \/>\n<meta property=\"article:modified_time\" content=\"2022-09-27T15:16:49+00:00\" \/>\n<meta name=\"twitter:card\" content=\"summary_large_image\" \/>\n<meta name=\"twitter:label1\" content=\"Gesch\u00e4tzte Lesezeit\" \/>\n\t<meta name=\"twitter:data1\" content=\"2\u00a0Minuten\" \/>\n<script type=\"application\/ld+json\" class=\"yoast-schema-graph\">{\"@context\":\"https:\/\/schema.org\",\"@graph\":[{\"@type\":\"WebPage\",\"@id\":\"https:\/\/slmbconsult.com\/de\/\",\"url\":\"https:\/\/slmbconsult.com\/de\/\",\"name\":\"SLM | Optimierung Lebensmittel-Lieferkette\",\"isPartOf\":{\"@id\":\"https:\/\/slmbconsult.com\/#website\"},\"datePublished\":\"2022-09-20T12:59:56+00:00\",\"dateModified\":\"2022-09-27T15:16:49+00:00\",\"description\":\"SLM Business Consultancy ist auf die Optimierung der Logistikprozesse in den Sektoren Food & Beverage und Schnellrestaurants spezialisiert.\",\"breadcrumb\":{\"@id\":\"https:\/\/slmbconsult.com\/de\/#breadcrumb\"},\"inLanguage\":\"de\",\"potentialAction\":[{\"@type\":\"ReadAction\",\"target\":[\"https:\/\/slmbconsult.com\/de\/\"]}]},{\"@type\":\"BreadcrumbList\",\"@id\":\"https:\/\/slmbconsult.com\/de\/#breadcrumb\",\"itemListElement\":[{\"@type\":\"ListItem\",\"position\":1,\"name\":\"Home\",\"item\":\"https:\/\/slmbconsult.com\/de\/\"},{\"@type\":\"ListItem\",\"position\":2,\"name\":\"Homepage\"}]},{\"@type\":\"WebSite\",\"@id\":\"https:\/\/slmbconsult.com\/#website\",\"url\":\"https:\/\/slmbconsult.com\/\",\"name\":\"slmbconsulting\",\"description\":\"Un nuovo sito targato WordPress\",\"potentialAction\":[{\"@type\":\"SearchAction\",\"target\":{\"@type\":\"EntryPoint\",\"urlTemplate\":\"https:\/\/slmbconsult.com\/?s={search_term_string}\"},\"query-input\":{\"@type\":\"PropertyValueSpecification\",\"valueRequired\":true,\"valueName\":\"search_term_string\"}}],\"inLanguage\":\"de\"}]}<\/script>\n<!-- \/ Yoast SEO plugin. -->","yoast_head_json":{"title":"SLM | Optimierung Lebensmittel-Lieferkette","description":"SLM Business Consultancy ist auf die Optimierung der Logistikprozesse in den Sektoren Food & Beverage und Schnellrestaurants spezialisiert.","robots":{"index":"index","follow":"follow","max-snippet":"max-snippet:-1","max-image-preview":"max-image-preview:large","max-video-preview":"max-video-preview:-1"},"canonical":"https:\/\/slmbconsult.com\/de\/","og_locale":"de_DE","og_type":"article","og_title":"SLM | Optimierung Lebensmittel-Lieferkette","og_description":"SLM Business Consultancy ist auf die Optimierung der Logistikprozesse in den Sektoren Food & Beverage und Schnellrestaurants spezialisiert.","og_url":"https:\/\/slmbconsult.com\/de\/","og_site_name":"slmbconsulting","article_modified_time":"2022-09-27T15:16:49+00:00","twitter_card":"summary_large_image","twitter_misc":{"Gesch\u00e4tzte Lesezeit":"2\u00a0Minuten"},"schema":{"@context":"https:\/\/schema.org","@graph":[{"@type":"WebPage","@id":"https:\/\/slmbconsult.com\/de\/","url":"https:\/\/slmbconsult.com\/de\/","name":"SLM | Optimierung Lebensmittel-Lieferkette","isPartOf":{"@id":"https:\/\/slmbconsult.com\/#website"},"datePublished":"2022-09-20T12:59:56+00:00","dateModified":"2022-09-27T15:16:49+00:00","description":"SLM Business Consultancy ist auf die Optimierung der Logistikprozesse in den Sektoren Food & Beverage und Schnellrestaurants spezialisiert.","breadcrumb":{"@id":"https:\/\/slmbconsult.com\/de\/#breadcrumb"},"inLanguage":"de","potentialAction":[{"@type":"ReadAction","target":["https:\/\/slmbconsult.com\/de\/"]}]},{"@type":"BreadcrumbList","@id":"https:\/\/slmbconsult.com\/de\/#breadcrumb","itemListElement":[{"@type":"ListItem","position":1,"name":"Home","item":"https:\/\/slmbconsult.com\/de\/"},{"@type":"ListItem","position":2,"name":"Homepage"}]},{"@type":"WebSite","@id":"https:\/\/slmbconsult.com\/#website","url":"https:\/\/slmbconsult.com\/","name":"slmbconsulting","description":"Un nuovo sito targato WordPress","potentialAction":[{"@type":"SearchAction","target":{"@type":"EntryPoint","urlTemplate":"https:\/\/slmbconsult.com\/?s={search_term_string}"},"query-input":{"@type":"PropertyValueSpecification","valueRequired":true,"valueName":"search_term_string"}}],"inLanguage":"de"}]}},"_links":{"self":[{"href":"https:\/\/slmbconsult.com\/de\/wp-json\/wp\/v2\/pages\/13643","targetHints":{"allow":["GET"]}}],"collection":[{"href":"https:\/\/slmbconsult.com\/de\/wp-json\/wp\/v2\/pages"}],"about":[{"href":"https:\/\/slmbconsult.com\/de\/wp-json\/wp\/v2\/types\/page"}],"author":[{"embeddable":true,"href":"https:\/\/slmbconsult.com\/de\/wp-json\/wp\/v2\/users\/1"}],"replies":[{"embeddable":true,"href":"https:\/\/slmbconsult.com\/de\/wp-json\/wp\/v2\/comments?post=13643"}],"version-history":[{"count":9,"href":"https:\/\/slmbconsult.com\/de\/wp-json\/wp\/v2\/pages\/13643\/revisions"}],"predecessor-version":[{"id":14176,"href":"https:\/\/slmbconsult.com\/de\/wp-json\/wp\/v2\/pages\/13643\/revisions\/14176"}],"wp:attachment":[{"href":"https:\/\/slmbconsult.com\/de\/wp-json\/wp\/v2\/media?parent=13643"}],"curies":[{"name":"wp","href":"https:\/\/api.w.org\/{rel}","templated":true}]}}